{"id":5270,"date":"2021-02-23T19:54:48","date_gmt":"2021-02-23T19:54:48","guid":{"rendered":"http:\/\/mcmarketing360.ca\/termes-et-conditions\/"},"modified":"2021-02-23T20:10:26","modified_gmt":"2021-02-23T20:10:26","slug":"terms-and-conditions","status":"publish","type":"page","link":"https:\/\/mcmarketing360.ca\/fr\/terms-and-conditions\/","title":{"rendered":"Termes et Conditions"},"content":{"rendered":"<p>Derni\u00e8re mise \u00e0 jour: 23 f\u00e9vrier 2021 Veuillez lire attentivement ces conditions d&rsquo;utilisation (\u00abConditions\u00bb, \u00abConditions d&rsquo;utilisation\u00bb) avant d&rsquo;utiliser le site web http:\/\/mcmarketing360.ca (le \u00abService\u00bb) exploit\u00e9 par MC Marketing 360( \u00abnous\u00bb ou \u00abnotre\u00bb). Votre acc\u00e8s et votre utilisation du Service sont conditionn\u00e9s par votre acceptation et votre respect des pr\u00e9sentes Conditions. Ces conditions s&rsquo;appliquent \u00e0 tous les visiteurs, utilisateurs et autres personnes qui acc\u00e8dent ou utilisent le service. En acc\u00e9dant ou en utilisant le Service, vous acceptez d&rsquo;\u00eatre li\u00e9 par ces Conditions. Si vous n&rsquo;\u00eates pas d&rsquo;accord avec une partie des conditions, vous ne pouvez pas acc\u00e9der au Service.<\/p>\n<h2>Comptes<\/h2>\n<p>Lorsque vous cr\u00e9ez un compte chez nous, vous devez nous fournir des informations exactes, compl\u00e8tes et \u00e0 jour \u00e0 tout moment. Le non-respect de cette consigne constitue une violation des Conditions, ce qui peut entra\u00eener la r\u00e9siliation imm\u00e9diate de votre compte sur notre Service. Vous \u00eates responsable de la protection du mot de passe que vous utilisez pour acc\u00e9der au Service et de toute activit\u00e9 ou action sous votre mot de passe, que votre mot de passe soit avec notre Service ou un service tiers. Vous acceptez de ne pas divulguer votre mot de passe \u00e0 des tiers. Vous devez nous informer imm\u00e9diatement d\u00e8s que vous avez connaissance d&rsquo;une violation de la s\u00e9curit\u00e9 ou d&rsquo;une utilisation non autoris\u00e9e de votre compte.<\/p>\n<h2>Liens vers d&rsquo;autres sites Web<\/h2>\n<p>Notre service peut contenir des liens vers des sites Web tiers ou des services qui ne sont pas d\u00e9tenus ou contr\u00f4l\u00e9s par MC Marketing 360. MC Marketing 360 n&rsquo;a aucun contr\u00f4le sur, et n&rsquo;assume aucune responsabilit\u00e9 pour, le contenu, les politiques de confidentialit\u00e9 ou les pratiques de tout site Web ou service tiers. Vous reconnaissez et acceptez en outre que MC Marketing 360 ne sera pas responsable, directement ou indirectement, de tout dommage ou perte caus\u00e9 ou pr\u00e9tendument caus\u00e9 par ou en relation avec l&rsquo;utilisation ou la confiance en ces contenus, biens ou services disponibles sur ou via ces sites ou services Web. Nous vous conseillons vivement de lire les termes et conditions et les politiques de confidentialit\u00e9 de tous les sites Web ou services tiers que vous visitez.<\/p>\n<h2>R\u00e9siliation<\/h2>\n<p>Nous pouvons r\u00e9silier ou suspendre l&rsquo;acc\u00e8s \u00e0 notre Service imm\u00e9diatement, sans pr\u00e9avis ni responsabilit\u00e9, pour quelque raison que ce soit, y compris, sans limitation, si vous enfreignez les Conditions. Toutes les dispositions des Conditions qui, de par leur nature, devraient survivre \u00e0 la r\u00e9siliation survivront \u00e0 la r\u00e9siliation, y compris, sans limitation, les dispositions sur la propri\u00e9t\u00e9, les exclusions de garantie, l&rsquo;indemnisation et les limitations de responsabilit\u00e9. Nous pouvons r\u00e9silier ou suspendre votre compte imm\u00e9diatement, sans pr\u00e9avis ni responsabilit\u00e9, pour quelque raison que ce soit, y compris, sans limitation, si vous enfreignez les Conditions. En cas de r\u00e9siliation, votre droit d&rsquo;utiliser le Service cessera imm\u00e9diatement. Si vous souhaitez r\u00e9silier votre compte, vous pouvez simplement cesser d&rsquo;utiliser le Service. Toutes les dispositions des Conditions qui, de par leur nature, devraient survivre \u00e0 la r\u00e9siliation survivront \u00e0 la r\u00e9siliation, y compris, sans limitation, les dispositions sur la propri\u00e9t\u00e9, les exclusions de garantie, l&rsquo;indemnisation et les limitations de responsabilit\u00e9.<\/p>\n<h2>Avertissement<\/h2>\n<p>Votre utilisation du Service est \u00e0 vos risques et p\u00e9rils. Le Service est fourni \u00abTEL QUEL\u00bb et \u00abTEL QUE DISPONIBLE\u00bb. Le Service est fourni sans garantie d&rsquo;aucune sorte, expresse ou implicite, y compris, mais sans s&rsquo;y limiter, les garanties implicites de qualit\u00e9 marchande, d&rsquo;ad\u00e9quation \u00e0 un usage particulier, de non-contrefa\u00e7on ou de cours de performance.<\/p>\n<h2>Loi applicable<\/h2>\n<p>Ces conditions seront r\u00e9gies et interpr\u00e9t\u00e9es conform\u00e9ment aux lois du Canada sans \u00e9gard \u00e0 ses dispositions relatives aux conflits de lois. Notre incapacit\u00e9 \u00e0 appliquer un droit ou une disposition de ces Conditions ne sera pas consid\u00e9r\u00e9 comme une renonciation \u00e0 ces droits. Si une disposition de ces Conditions est jug\u00e9e invalide ou inapplicable par un tribunal, les dispositions restantes de ces Conditions resteront en vigueur. Ces Conditions constituent l&rsquo;int\u00e9gralit\u00e9 de l&rsquo;accord entre nous concernant notre Service, et remplacent et remplacent tout accord ant\u00e9rieur que nous pourrions avoir entre nous concernant le Service.<\/p>\n<h2>Changements<\/h2>\n<p>Nous nous r\u00e9servons le droit, \u00e0 notre seule discr\u00e9tion, de modifier ou de remplacer ces Conditions \u00e0 tout moment. Si une r\u00e9vision est importante, nous essaierons de fournir un pr\u00e9avis d&rsquo;au moins 30 jours avant l&rsquo;entr\u00e9e en vigueur de toute nouvelle condition. Ce qui constitue un changement important sera d\u00e9termin\u00e9 \u00e0 notre seule discr\u00e9tion. En continuant \u00e0 acc\u00e9der ou \u00e0 utiliser notre Service apr\u00e8s l&rsquo;entr\u00e9e en vigueur de ces r\u00e9visions, vous acceptez d&rsquo;\u00eatre li\u00e9 par les conditions r\u00e9vis\u00e9es. Si vous n&rsquo;acceptez pas les nouvelles conditions, veuillez cesser d&rsquo;utiliser le Service.<\/p>\n<h2>Nous contacter<\/h2>\n<p>Si vous avez des questions sur ces conditions, veuillez nous contacter.<\/p>\n","protected":false},"excerpt":{"rendered":"<p>Derni\u00e8re mise \u00e0 jour: Veuillez lire attentivement ces conditions d&rsquo;utilisation (\u00abConditions\u00bb, \u00abConditions d&rsquo;utilisation\u00bb) avant d&rsquo;utiliser le site web (le \u00abService\u00bb) exploit\u00e9 par ( \u00abnous\u00bb ou \u00abnotre\u00bb). Votre acc\u00e8s et votre utilisation du Service sont conditionn\u00e9s par votre acceptation et votre respect des pr\u00e9sentes Conditions. Ces conditions s&rsquo;appliquent \u00e0 tous les visiteurs, utilisateurs et autres personnes [&hellip;]<\/p>\n","protected":false},"author":6,"featured_media":0,"parent":0,"menu_order":0,"comment_status":"closed","ping_status":"closed","template":"","meta":{"_et_pb_use_builder":"","_et_pb_old_content":"","_et_gb_content_width":"","footnotes":""},"class_list":["post-5270","page","type-page","status-publish","hentry"],"jetpack_sharing_enabled":true,"_links":{"self":[{"href":"https:\/\/mcmarketing360.ca\/fr\/wp-json\/wp\/v2\/pages\/5270","targetHints":{"allow":["GET"]}}],"collection":[{"href":"https:\/\/mcmarketing360.ca\/fr\/wp-json\/wp\/v2\/pages"}],"about":[{"href":"https:\/\/mcmarketing360.ca\/fr\/wp-json\/wp\/v2\/types\/page"}],"author":[{"embeddable":true,"href":"https:\/\/mcmarketing360.ca\/fr\/wp-json\/wp\/v2\/users\/6"}],"replies":[{"embeddable":true,"href":"https:\/\/mcmarketing360.ca\/fr\/wp-json\/wp\/v2\/comments?post=5270"}],"version-history":[{"count":0,"href":"https:\/\/mcmarketing360.ca\/fr\/wp-json\/wp\/v2\/pages\/5270\/revisions"}],"wp:attachment":[{"href":"https:\/\/mcmarketing360.ca\/fr\/wp-json\/wp\/v2\/media?parent=5270"}],"curies":[{"name":"wp","href":"https:\/\/api.w.org\/{rel}","templated":true}]}}