{"id":5264,"date":"2021-02-23T19:41:15","date_gmt":"2021-02-23T19:41:15","guid":{"rendered":"http:\/\/mcmarketing360.ca\/privacy-policy\/"},"modified":"2021-02-23T19:51:42","modified_gmt":"2021-02-23T19:51:42","slug":"privacy-policy","status":"publish","type":"page","link":"https:\/\/mcmarketing360.ca\/fr\/privacy-policy\/","title":{"rendered":"Polique de vie priv\u00e9e"},"content":{"rendered":"<p>Derni\u00e8re mis-\u00e0-jour: 23 f\u00e9vrier 2021\nMC Marketing 360 (\u00abnous\u00bb, \u00abnous\u00bb ou \u00abnotre\u00bb) g\u00e8re le MC Marketing 360 site Web (le \u00abService\u00bb).<\/p>\n<p>Cette page vous informe de nos politiques concernant la collecte, l&rsquo;utilisation et la divulgation des renseignements personnels lorsque vous utilisez notre service.<\/p>\n<p>Nous n&rsquo;utiliserons ni ne partagerons vos informations avec qui que ce soit, sauf comme d\u00e9crit dans cette politique de confidentialit\u00e9.<\/p>\n<p>Nous utilisons vos informations personnelles pour fournir et am\u00e9liorer le service. En utilisant le Service, vous acceptez la collecte et l&rsquo;utilisation des informations conform\u00e9ment \u00e0 cette politique. Sauf indication contraire dans cette politique de confidentialit\u00e9, les termes utilis\u00e9s dans cette politique de confidentialit\u00e9 ont la m\u00eame signification que dans nos termes et conditions, accessibles \u00e0 http:\/\/mcmarketing360.ca\n<h2>Collecte et utilisation des informations<\/h2>\n<p>Lors de l&rsquo;utilisation de notre service, nous pouvons vous demander de nous fournir certaines informations personnellement identifiables qui peuvent \u00eatre utilis\u00e9es pour vous contacter ou vous identifier. Les informations personnellement identifiables (\u00abInformations personnelles\u00bb) peuvent inclure, mais sans s&rsquo;y limiter:<\/p>\n<ul>\n<li>Nom<\/li>\n<li>Adresse e-mail<\/li>\n<li>Num\u00e9ro de t\u00e9l\u00e9phone<\/li>\n<li>Adresse<\/li>\n<\/ul>\n<h2>Donn\u00e9es du journal<\/h2>\n<p>Nous recueillons des informations que votre navigateur envoie chaque fois que vous visitez notre service (\u00abDonn\u00e9es de journal\u00bb). Ces donn\u00e9es de journal peuvent inclure des informations telles que l&rsquo;adresse de protocole Internet (\u00abIP\u00bb) de votre ordinateur, le type de navigateur, la version du navigateur, les pages de notre service que vous visitez, l&rsquo;heure et la date de votre visite, le temps pass\u00e9 sur ces pages et autres statistiques.<\/p>\n<h2>Cookies<\/h2>\n<p>Les cookies sont des fichiers contenant une petite quantit\u00e9 de donn\u00e9es, qui peuvent inclure un identifiant unique anonyme. Les cookies sont envoy\u00e9s \u00e0 votre navigateur \u00e0 partir d&rsquo;un site Web et stock\u00e9s sur le disque dur de votre ordinateur.<\/p>\n<p>Nous utilisons des \u00abcookies\u00bb pour collecter des informations. Vous pouvez demander \u00e0 votre navigateur de refuser tous les cookies ou d&rsquo;indiquer quand un cookie est envoy\u00e9. Cependant, si vous n&rsquo;acceptez pas les cookies, vous ne pourrez peut-\u00eatre pas utiliser certaines parties de notre service.<\/p>\n<h2>Service Providers<\/h2>\n<p>Nous pouvons employer des soci\u00e9t\u00e9s tierces et des individus pour faciliter notre service, pour fournir le service en notre nom, pour ex\u00e9cuter des services li\u00e9s au service ou pour nous aider \u00e0 analyser la fa\u00e7on dont notre service est utilis\u00e9.<\/p>\n<p>Ces tiers n&rsquo;ont acc\u00e8s \u00e0 vos informations personnelles que pour effectuer ces t\u00e2ches en notre nom et sont tenus de ne pas les divulguer ou les utiliser \u00e0 d&rsquo;autres fins.<\/p>\n<h2>S\u00e9curit\u00e9<\/h2>\n<p>La s\u00e9curit\u00e9 de vos informations personnelles est importante pour nous, mais n&rsquo;oubliez pas qu&rsquo;aucune m\u00e9thode de transmission sur Internet ou m\u00e9thode de stockage \u00e9lectronique n&rsquo;est s\u00e9curis\u00e9e \u00e0 100%. Bien que nous nous efforcions d&rsquo;utiliser des moyens commercialement acceptables pour prot\u00e9ger vos informations personnelles, nous ne pouvons garantir leur s\u00e9curit\u00e9 absolue.<\/p>\n<h2>Liens vers d&rsquo;autres sites<\/h2>\n<p>Notre service peut contenir des liens vers d&rsquo;autres sites qui ne sont pas exploit\u00e9s par nous. Si vous cliquez sur un lien tiers, vous serez dirig\u00e9 vers le site de ce tiers. Nous vous conseillons vivement de consulter la politique de confidentialit\u00e9 de chaque site que vous visitez.<\/p>\n<p>Nous n&rsquo;avons aucun contr\u00f4le sur et n&rsquo;assumons aucune responsabilit\u00e9 pour le contenu, les politiques de confidentialit\u00e9 ou les pratiques de tout site ou service tiers.<\/p>\n<h2>Confidentialit\u00e9 des enfants<\/h2>\n<p>Notre Service ne s&rsquo;adresse \u00e0 personne de moins de 18 ans (\u00abEnfants\u00bb).<\/p>\n<p>Nous ne collectons pas sciemment des informations personnellement identifiables d&rsquo;enfants de moins de 18 ans. Si vous \u00eates un parent ou un tuteur et que vous savez que votre enfant nous a fourni des informations personnelles, veuillez nous contacter. Si nous d\u00e9couvrons qu&rsquo;un enfant de moins de 18 ans nous a fourni des informations personnelles, nous supprimerons imm\u00e9diatement ces informations de nos serveurs.<\/p>\n<h2>En accord avec les lois<\/h2>\n<p>Nous divulguerons vos informations personnelles lorsque cela est requis par la loi ou une assignation \u00e0 compara\u00eetre.<\/p>\n<h2>Modifications de cette politique de confidentialit\u00e9<\/h2>\n<p>Nous pouvons mettre \u00e0 jour notre politique de confidentialit\u00e9 de temps \u00e0 autre. Nous vous informerons de tout changement en publiant la nouvelle politique de confidentialit\u00e9 sur cette page.<\/p>\n<p>Il vous est conseill\u00e9 de consulter p\u00e9riodiquement cette politique de confidentialit\u00e9 pour tout changement. Les modifications apport\u00e9es \u00e0 cette politique de confidentialit\u00e9 sont effectives lorsqu&rsquo;elles sont publi\u00e9es sur cette page.<\/p>\n<h2>Nous contacter<\/h2>\n<p>Si vous avez des questions sur cette politique de confidentialit\u00e9, veuillez nous contacter.<\/p>\n","protected":false},"excerpt":{"rendered":"<p>Derni\u00e8re mis-\u00e0-jour: (\u00abnous\u00bb, \u00abnous\u00bb ou \u00abnotre\u00bb) g\u00e8re le site Web (le \u00abService\u00bb). Cette page vous informe de nos politiques concernant la collecte, l&rsquo;utilisation et la divulgation des renseignements personnels lorsque vous utilisez notre service. Nous n&rsquo;utiliserons ni ne partagerons vos informations avec qui que ce soit, sauf comme d\u00e9crit dans cette politique de confidentialit\u00e9. Nous [&hellip;]<\/p>\n","protected":false},"author":6,"featured_media":0,"parent":0,"menu_order":0,"comment_status":"closed","ping_status":"closed","template":"","meta":{"_et_pb_use_builder":"","_et_pb_old_content":"","_et_gb_content_width":"","footnotes":""},"class_list":["post-5264","page","type-page","status-publish","hentry"],"jetpack_sharing_enabled":true,"_links":{"self":[{"href":"https:\/\/mcmarketing360.ca\/fr\/wp-json\/wp\/v2\/pages\/5264","targetHints":{"allow":["GET"]}}],"collection":[{"href":"https:\/\/mcmarketing360.ca\/fr\/wp-json\/wp\/v2\/pages"}],"about":[{"href":"https:\/\/mcmarketing360.ca\/fr\/wp-json\/wp\/v2\/types\/page"}],"author":[{"embeddable":true,"href":"https:\/\/mcmarketing360.ca\/fr\/wp-json\/wp\/v2\/users\/6"}],"replies":[{"embeddable":true,"href":"https:\/\/mcmarketing360.ca\/fr\/wp-json\/wp\/v2\/comments?post=5264"}],"version-history":[{"count":0,"href":"https:\/\/mcmarketing360.ca\/fr\/wp-json\/wp\/v2\/pages\/5264\/revisions"}],"wp:attachment":[{"href":"https:\/\/mcmarketing360.ca\/fr\/wp-json\/wp\/v2\/media?parent=5264"}],"curies":[{"name":"wp","href":"https:\/\/api.w.org\/{rel}","templated":true}]}}