{"id":5119,"date":"2021-02-23T16:04:27","date_gmt":"2021-02-23T16:04:27","guid":{"rendered":"http:\/\/mcmarketing360.ca\/?page_id=5119"},"modified":"2021-02-23T16:09:13","modified_gmt":"2021-02-23T16:09:13","slug":"representant-en-ventes","status":"publish","type":"page","link":"https:\/\/mcmarketing360.ca\/fr\/representant-en-ventes\/","title":{"rendered":"Repr\u00e9sentant en ventes"},"content":{"rendered":"[et_pb_section fb_built=\u00a0\u00bb1&Prime; module_class=\u00a0\u00bbinterior-header\u00a0\u00bb _builder_version=\u00a0\u00bb3.22&Prime; background_image=\u00a0\u00bbhttp:\/\/mcmarketing360.ca\/wp-content\/uploads\/2017\/10\/business-photo-7.jpg\u00a0\u00bb background_position=\u00a0\u00bbbottom_center\u00a0\u00bb][et_pb_row _builder_version=\u00a0\u00bb3.25&Prime; hover_enabled=\u00a0\u00bb0&Prime; sticky_enabled=\u00a0\u00bb0&Prime;][et_pb_column type=\u00a0\u00bb4_4&Prime; _builder_version=\u00a0\u00bb3.25&Prime; background_position=\u00a0\u00bbtop_left\u00a0\u00bb custom_padding=\u00a0\u00bb|||\u00a0\u00bb custom_padding__hover=\u00a0\u00bb|||\u00a0\u00bb][et_pb_text admin_label=\u00a0\u00bbHeader\u00a0\u00bb _builder_version=\u00a0\u00bb4.9.0&Prime; background_layout=\u00a0\u00bbdark\u00a0\u00bb hover_enabled=\u00a0\u00bb0&Prime; sticky_enabled=\u00a0\u00bb0&Prime;]\n<h1>Repr\u00e9sentant en ventes<\/h1>\n[\/et_pb_text][et_pb_code admin_label=\u00a0\u00bbBreadcrumbs shortcode\u00a0\u00bb module_class=\u00a0\u00bbbreadcrumbs\u00a0\u00bb]<span property=\"itemListElement\" typeof=\"ListItem\"><a property=\"item\" typeof=\"WebPage\" title=\"Go to MC Marketing 360.\" href=\"https:\/\/mcmarketing360.ca\/fr\/\" class=\"home\" ><span property=\"name\">MC Marketing 360<\/span><\/a><meta property=\"position\" content=\"1\"><\/span> &gt; <span property=\"itemListElement\" typeof=\"ListItem\"><a property=\"item\" typeof=\"WebPage\" title=\"Go to Blogue.\" href=\"https:\/\/mcmarketing360.ca\/fr\/blogue\/\" class=\"post-root post post-post\" aria-current=\"page\"><span property=\"name\">Blogue<\/span><\/a><meta property=\"position\" content=\"2\"><\/span>[\/et_pb_code][\/et_pb_column][\/et_pb_row][\/et_pb_section][et_pb_section fb_built=\u00a0\u00bb1&Prime; disabled_on=\u00a0\u00bboff|off|off\u00a0\u00bb module_class=\u00a0\u00bbproven-performance-section\u00a0\u00bb _builder_version=\u00a0\u00bb3.22&Prime; custom_padding=\u00a0\u00bb88px||55px|||\u00a0\u00bb][et_pb_row custom_padding_last_edited=\u00a0\u00bbon|desktop\u00a0\u00bb _builder_version=\u00a0\u00bb4.9.0&Prime; _module_preset=\u00a0\u00bbdefault\u00a0\u00bb background_enable_color=\u00a0\u00bboff\u00a0\u00bb custom_margin=\u00a0\u00bb|auto|41px|auto||\u00a0\u00bb custom_padding=\u00a0\u00bb0px|0px|0px|0px|true|true\u00a0\u00bb custom_padding_tablet=\u00a0\u00bb\u00a0\u00bb custom_padding_phone=\u00a0\u00bb\u00a0\u00bb][et_pb_column type=\u00a0\u00bb4_4&Prime; _builder_version=\u00a0\u00bb4.9.0&Prime; _module_preset=\u00a0\u00bbdefault\u00a0\u00bb][et_pb_text _builder_version=\u00a0\u00bb4.9.0&Prime; _module_preset=\u00a0\u00bbdefault\u00a0\u00bb max_width=\u00a0\u00bb80%\u00a0\u00bb max_width_tablet=\u00a0\u00bb\u00a0\u00bb max_width_phone=\u00a0\u00bb\u00a0\u00bb max_width_last_edited=\u00a0\u00bbon|desktop\u00a0\u00bb module_alignment=\u00a0\u00bbcenter\u00a0\u00bb hover_enabled=\u00a0\u00bb0&Prime; sticky_enabled=\u00a0\u00bb0&Prime;]\n<p style=\"text-align: justify;\">MC Marketing 360 est une jeune entreprise d\u00e9di\u00e9e et fiable. Nous offrons une gamme compl\u00e8te de services dans le domaine de la conception web et graphique.<\/p>\n<p style=\"text-align: justify;\">L&rsquo;entreprise consid\u00e8re qu&rsquo;il est essentiel de fournir un service de qualit\u00e9 quel que soit le budget disponible. Notre vision est de fournir des services de haute qualit\u00e9 \u00e0 un prix abordable.<\/p>\n<p style=\"text-align: justify;\">Nous recherchons un repr\u00e9sentant commercial pour promouvoir notre vision et nos services de marketing num\u00e9rique.<\/p>\n<p style=\"text-align: justify;\">Public cible: PME (petites et moyennes entreprises), ind\u00e9pendants.<\/p>\n<ul>\n<li style=\"text-align: justify;\">Vous pouvez travailler de chez vous<\/li>\n<li style=\"text-align: justify;\">Vous cr\u00e9ez votre propre horaire et travaillez quand vous le souhaitez<\/li>\n<li style=\"text-align: justify;\">Une excellente forme de revenu compl\u00e9mentaire<\/li>\n<li style=\"text-align: justify;\">Utilisez vos comp\u00e9tences de vendeur ou utilisez les r\u00e9seaux sociaux<\/li>\n<li style=\"text-align: justify;\">pour toucher des clients potentiels<\/li>\n<\/ul>\n<p style=\"text-align: justify;\">\u00a0Excellente r\u00e9mun\u00e9ration offerte. R\u00e9mun\u00e9ration et conditions \u00e0 discuter.<\/p>\n[\/et_pb_text][\/et_pb_column][\/et_pb_row][\/et_pb_section]\n","protected":false},"excerpt":{"rendered":"<p>Repr\u00e9sentant en ventes<span property=\"itemListElement\" typeof=\"ListItem\"><a property=\"item\" typeof=\"WebPage\" title=\"Go to MC Marketing 360.\" href=\"https:\/\/mcmarketing360.ca\/fr\/\" class=\"home\" ><span property=\"name\">MC Marketing 360<\/span><\/a><meta property=\"position\" content=\"1\"><\/span> &gt; <span property=\"itemListElement\" typeof=\"ListItem\"><a property=\"item\" typeof=\"WebPage\" title=\"Go to Blogue.\" href=\"https:\/\/mcmarketing360.ca\/fr\/blogue\/\" class=\"post-root post post-post\" aria-current=\"page\"><span property=\"name\">Blogue<\/span><\/a><meta property=\"position\" content=\"2\"><\/span>MC Marketing 360 est une jeune entreprise d\u00e9di\u00e9e et fiable. Nous offrons une gamme compl\u00e8te de services dans le domaine de la conception web et graphique. L&rsquo;entreprise consid\u00e8re qu&rsquo;il est essentiel de fournir un service de qualit\u00e9 quel que soit le budget disponible. Notre vision est de fournir des services de haute qualit\u00e9 [&hellip;]<\/p>\n","protected":false},"author":6,"featured_media":0,"parent":0,"menu_order":0,"comment_status":"closed","ping_status":"closed","template":"","meta":{"_et_pb_use_builder":"on","_et_pb_old_content":"<p>[et_pb_section][et_pb_row][et_pb_column type=\"4_4\"][et_pb_text]<\/p><p><b>MC Marketing 360<\/b> is a young company dedicated and reliable. We offer a full range of services in the field of web and graphic design. The company considers it essential to provide quality service regardless of the available budget. Our vision is to provide high-quality services at an affordable price.<\/p><p>We are looking for a sales representative to promote our vision and our digital marketing services.<\/p><p>Target Audience: SMEs (Small and medium enterprises), self-employed.<\/p><ul><li>You can work from home you<\/li><li>You make your own schedule and work when you want<\/li><li>An excellent form of supplementary income<\/li><li>Use your \u00a0seller skills or use social networks to reach potential customers<\/li><\/ul><p>\u00a0<\/p><p>Excellent remuneration offered. Remuneration and conditions to be discussed.<\/p><p>You can <a title=\"contact us\" href=\"http:\/\/mcmarketing360.ca\/contact-us\/\">contact us<\/a> for more details.<\/p><p>\u00a0<\/p><p>\u00a0<\/p><p>[\/et_pb_text][\/et_pb_column][\/et_pb_row][\/et_pb_section]<\/p>","_et_gb_content_width":"","footnotes":""},"class_list":["post-5119","page","type-page","status-publish","hentry"],"jetpack_sharing_enabled":true,"_links":{"self":[{"href":"https:\/\/mcmarketing360.ca\/fr\/wp-json\/wp\/v2\/pages\/5119","targetHints":{"allow":["GET"]}}],"collection":[{"href":"https:\/\/mcmarketing360.ca\/fr\/wp-json\/wp\/v2\/pages"}],"about":[{"href":"https:\/\/mcmarketing360.ca\/fr\/wp-json\/wp\/v2\/types\/page"}],"author":[{"embeddable":true,"href":"https:\/\/mcmarketing360.ca\/fr\/wp-json\/wp\/v2\/users\/6"}],"replies":[{"embeddable":true,"href":"https:\/\/mcmarketing360.ca\/fr\/wp-json\/wp\/v2\/comments?post=5119"}],"version-history":[{"count":0,"href":"https:\/\/mcmarketing360.ca\/fr\/wp-json\/wp\/v2\/pages\/5119\/revisions"}],"wp:attachment":[{"href":"https:\/\/mcmarketing360.ca\/fr\/wp-json\/wp\/v2\/media?parent=5119"}],"curies":[{"name":"wp","href":"https:\/\/api.w.org\/{rel}","templated":true}]}}