{"id":5118,"date":"2021-02-23T15:33:45","date_gmt":"2021-02-23T15:33:45","guid":{"rendered":"http:\/\/mcmarketing360.ca\/?page_id=5118"},"modified":"2021-02-23T16:01:52","modified_gmt":"2021-02-23T16:01:52","slug":"video-dinfographie-animee","status":"publish","type":"page","link":"https:\/\/mcmarketing360.ca\/fr\/video-dinfographie-animee\/","title":{"rendered":"Vid\u00e9o d&rsquo;infographie Anim\u00e9e"},"content":{"rendered":"[et_pb_section fb_built=\u00a0\u00bb1&Prime; module_class=\u00a0\u00bbinterior-header\u00a0\u00bb _builder_version=\u00a0\u00bb3.22&Prime; background_image=\u00a0\u00bbhttp:\/\/mcmarketing360.ca\/wp-content\/uploads\/2017\/10\/business-photo-7.jpg\u00a0\u00bb background_position=\u00a0\u00bbbottom_center\u00a0\u00bb][et_pb_row _builder_version=\u00a0\u00bb3.25&Prime;][et_pb_column type=\u00a0\u00bb4_4&Prime; _builder_version=\u00a0\u00bb3.25&Prime; background_position=\u00a0\u00bbtop_left\u00a0\u00bb custom_padding=\u00a0\u00bb|||\u00a0\u00bb custom_padding__hover=\u00a0\u00bb|||\u00a0\u00bb][et_pb_text admin_label=\u00a0\u00bbHeader\u00a0\u00bb _builder_version=\u00a0\u00bb4.9.0&Prime; background_layout=\u00a0\u00bbdark\u00a0\u00bb hover_enabled=\u00a0\u00bb0&Prime; sticky_enabled=\u00a0\u00bb0&Prime;]\n<h1>Vid\u00e9o d&rsquo;Infographie Anim\u00e9e<\/h1>\n[\/et_pb_text][et_pb_code admin_label=\u00a0\u00bbBreadcrumbs shortcode\u00a0\u00bb module_class=\u00a0\u00bbbreadcrumbs\u00a0\u00bb]<span property=\"itemListElement\" typeof=\"ListItem\"><a property=\"item\" typeof=\"WebPage\" title=\"Go to MC Marketing 360.\" href=\"https:\/\/mcmarketing360.ca\/fr\/\" class=\"home\" ><span property=\"name\">MC Marketing 360<\/span><\/a><meta property=\"position\" content=\"1\"><\/span> &gt; <span property=\"itemListElement\" typeof=\"ListItem\"><a property=\"item\" typeof=\"WebPage\" title=\"Go to Blogue.\" href=\"https:\/\/mcmarketing360.ca\/fr\/blogue\/\" class=\"post-root post post-post\" aria-current=\"page\"><span property=\"name\">Blogue<\/span><\/a><meta property=\"position\" content=\"2\"><\/span>[\/et_pb_code][\/et_pb_column][\/et_pb_row][\/et_pb_section][et_pb_section fb_built=\u00a0\u00bb1&Prime; disabled_on=\u00a0\u00bboff|off|off\u00a0\u00bb module_class=\u00a0\u00bbproven-performance-section\u00a0\u00bb _builder_version=\u00a0\u00bb3.22&Prime; custom_padding=\u00a0\u00bb88px||30px|||\u00a0\u00bb][et_pb_row column_structure=\u00a0\u00bb1_3,2_3&Prime; _builder_version=\u00a0\u00bb4.9.0&Prime; _module_preset=\u00a0\u00bbdefault\u00a0\u00bb custom_margin=\u00a0\u00bb|auto|31px|auto||\u00a0\u00bb custom_padding=\u00a0\u00bb0px|||||\u00a0\u00bb][et_pb_column type=\u00a0\u00bb1_3&Prime; _builder_version=\u00a0\u00bb4.9.0&Prime; _module_preset=\u00a0\u00bbdefault\u00a0\u00bb][et_pb_image src=\u00a0\u00bbhttp:\/\/mcmarketing360.ca\/wp-content\/uploads\/2021\/02\/infographic-animation-service-1.jpg\u00a0\u00bb title_text=\u00a0\u00bbinfographic-animation-service-1&Prime; _builder_version=\u00a0\u00bb4.9.0&Prime; _module_preset=\u00a0\u00bbdefault\u00a0\u00bb][\/et_pb_image][\/et_pb_column][et_pb_column type=\u00a0\u00bb2_3&Prime; _builder_version=\u00a0\u00bb4.9.0&Prime; _module_preset=\u00a0\u00bbdefault\u00a0\u00bb][et_pb_text _builder_version=\u00a0\u00bb4.9.0&Prime; _module_preset=\u00a0\u00bbdefault\u00a0\u00bb]\n<h2>VID\u00c9O D&rsquo;INFOGRAPHIE ANIM\u00c9E<\/h2>\n<p style=\"text-align: justify;\">Une vid\u00e9o infographique est une forme populaire de marketing de contenu qui peut vous aider \u00e0 simplifier un sujet compliqu\u00e9 ou \u00e0 transformer un sujet par ailleurs ennuyeux en une exp\u00e9rience captivante. Une vid\u00e9o infographique doit \u00eatre visuellement attrayante et contenir un sujet et des donn\u00e9es attrayants pour votre public cible<\/p>\n<p style=\"text-align: justify;\">Notre soci\u00e9t\u00e9 est sp\u00e9cialis\u00e9e dans les vid\u00e9os infographiques, du d\u00e9but \u00e0 la fin. Nous avons une \u00e9quipe de sp\u00e9cialistes qui feront de votre vid\u00e9o un aimant client. Nous avons des sc\u00e9naristes, des doubleurs, des illustrateurs et des animateurs. Dans l&rsquo;ensemble, nous sommes en mesure de fournir des r\u00e9sultats professionnels \u00e0 chaque \u00e9tape du processus.<\/p>\n<p style=\"text-align: justify;\">Nous sommes en mesure de produire des vid\u00e9os de haute qualit\u00e9 avec l&rsquo;un des d\u00e9lais d&rsquo;ex\u00e9cution les plus rapides. Notre exp\u00e9rience nous permet de servir une client\u00e8le diversifi\u00e9e &#8211; des startups aux petites entreprises en passant par les grandes organisations.<\/p>\n<p style=\"text-align: justify;\">Nous avons d\u00e9velopp\u00e9 des vid\u00e9os incroyables pour les particuliers et les organisations. Vous pouvez utiliser nos vid\u00e9os pour des campagnes sur les r\u00e9seaux sociaux ou dans le contenu de votre site Web. Notre objectif principal est de nous assurer que les spectateurs s&rsquo;engagent avec les produits ou services de nos clients et agissent apr\u00e8s avoir regard\u00e9 nos vid\u00e9os.<\/p>\n<h2>Nous proposons 2 types de vid\u00e9os infographiques:<\/h2>\n<p>Choisissez ci-dessous entre des <span style=\"text-decoration: underline;\">vid\u00e9os personnalis\u00e9es<\/span> et <span style=\"text-decoration: underline;\">librairies de vid\u00e9os<\/span><\/p>\n[\/et_pb_text][\/et_pb_column][\/et_pb_row][\/et_pb_section][et_pb_section fb_built=\u00a0\u00bb1&Prime; _builder_version=\u00a0\u00bb4.9.0&Prime; _module_preset=\u00a0\u00bbdefault\u00a0\u00bb background_enable_color=\u00a0\u00bboff\u00a0\u00bb custom_margin=\u00a0\u00bb||||true|false\u00a0\u00bb custom_padding=\u00a0\u00bb0px||0px||true|false\u00a0\u00bb][et_pb_row column_structure=\u00a0\u00bb1_2,1_2&Prime; use_custom_gutter=\u00a0\u00bbon\u00a0\u00bb gutter_width=\u00a0\u00bb1&Prime; make_equal=\u00a0\u00bbon\u00a0\u00bb _builder_version=\u00a0\u00bb4.9.0&Prime; _module_preset=\u00a0\u00bbdefault\u00a0\u00bb width=\u00a0\u00bb100%\u00a0\u00bb max_width=\u00a0\u00bb100%\u00a0\u00bb custom_padding=\u00a0\u00bb0px||0px|||\u00a0\u00bb hover_enabled=\u00a0\u00bb0&Prime; sticky_enabled=\u00a0\u00bb0&Prime;][et_pb_column type=\u00a0\u00bb1_2&Prime; _builder_version=\u00a0\u00bb4.9.0&Prime; _dynamic_attributes=\u00a0\u00bblink_option_url\u00a0\u00bb _module_preset=\u00a0\u00bbdefault\u00a0\u00bb background_color=\u00a0\u00bb#6BA600&Prime; custom_padding=\u00a0\u00bb75px||75px||true|false\u00a0\u00bb link_option_url=\u00a0\u00bb@ET-DC@eyJkeW5hbWljIjp0cnVlLCJjb250ZW50IjoicG9zdF9saW5rX3VybF9wYWdlIiwic2V0dGluZ3MiOnsicG9zdF9pZCI6IjI0MSJ9fQ==@\u00a0\u00bb background__hover_enabled=\u00a0\u00bbon|hover\u00a0\u00bb background_color__hover=\u00a0\u00bb#8262C2&Prime; background_enable_color__hover=\u00a0\u00bbon\u00a0\u00bb][et_pb_text _builder_version=\u00a0\u00bb4.9.0&Prime; _module_preset=\u00a0\u00bbdefault\u00a0\u00bb text_text_color=\u00a0\u00bb#FFFFFF\u00a0\u00bb text_font_size=\u00a0\u00bb20px\u00a0\u00bb header_2_text_align=\u00a0\u00bbcenter\u00a0\u00bb header_2_text_color=\u00a0\u00bb#FFFFFF\u00a0\u00bb header_2_font_size=\u00a0\u00bb33px\u00a0\u00bb text_orientation=\u00a0\u00bbcenter\u00a0\u00bb animation_style=\u00a0\u00bbslide\u00a0\u00bb animation_direction=\u00a0\u00bbtop\u00a0\u00bb text_font_size_tablet=\u00a0\u00bb\u00a0\u00bb text_font_size_phone=\u00a0\u00bb\u00a0\u00bb text_font_size_last_edited=\u00a0\u00bbon|phone\u00a0\u00bb locked=\u00a0\u00bboff\u00a0\u00bb]\n<h2>VID\u00c9O D&rsquo;INFOGRAPHIE ANIM\u00c9E PERSONNALIS\u00c9E<\/h2>\n<p>Obtenez une vid\u00e9o d&rsquo;infographie personnalis\u00e9e et unique,<br \/> sc\u00e9nario et voix off r\u00e9dig\u00e9s par des professionnels pour votre entreprise.<\/p>\n[\/et_pb_text][et_pb_divider color=\u00a0\u00bb#7152AB\u00a0\u00bb divider_style=\u00a0\u00bbdotted\u00a0\u00bb divider_position=\u00a0\u00bbcenter\u00a0\u00bb divider_weight=\u00a0\u00bb6px\u00a0\u00bb _builder_version=\u00a0\u00bb4.9.0&Prime; _module_preset=\u00a0\u00bbdefault\u00a0\u00bb max_width=\u00a0\u00bb40%\u00a0\u00bb module_alignment=\u00a0\u00bbcenter\u00a0\u00bb custom_margin=\u00a0\u00bb21px||||false|false\u00a0\u00bb][\/et_pb_divider][\/et_pb_column][et_pb_column type=\u00a0\u00bb1_2&Prime; _builder_version=\u00a0\u00bb4.9.0&Prime; _module_preset=\u00a0\u00bbdefault\u00a0\u00bb background_color=\u00a0\u00bb#7152AB\u00a0\u00bb custom_padding=\u00a0\u00bb75px||75px||true|false\u00a0\u00bb link_option_url=\u00a0\u00bbhttp:\/\/mcmarketing360.ca\/premade-videos-contact-us\/\u00a0\u00bb link_option_url_new_window=\u00a0\u00bbon\u00a0\u00bb background__hover_enabled=\u00a0\u00bbon|hover\u00a0\u00bb background_color__hover=\u00a0\u00bb#8CC621&Prime; background_enable_color__hover=\u00a0\u00bbon\u00a0\u00bb][et_pb_text _builder_version=\u00a0\u00bb4.9.0&Prime; _module_preset=\u00a0\u00bbdefault\u00a0\u00bb text_text_color=\u00a0\u00bb#FFFFFF\u00a0\u00bb text_font_size=\u00a0\u00bb20px\u00a0\u00bb header_2_text_align=\u00a0\u00bbcenter\u00a0\u00bb header_2_text_color=\u00a0\u00bb#FFFFFF\u00a0\u00bb header_2_font_size=\u00a0\u00bb33px\u00a0\u00bb text_orientation=\u00a0\u00bbcenter\u00a0\u00bb animation_style=\u00a0\u00bbslide\u00a0\u00bb animation_direction=\u00a0\u00bbtop\u00a0\u00bb text_font_size_tablet=\u00a0\u00bb\u00a0\u00bb text_font_size_phone=\u00a0\u00bb\u00a0\u00bb text_font_size_last_edited=\u00a0\u00bbon|phone\u00a0\u00bb locked=\u00a0\u00bboff\u00a0\u00bb]\n<h2>LIBRAIRIE DE VID\u00c9OS EXPLICATIVES ANIM\u00c9ES<\/h2>\n<p>Choisissez parmi une large s\u00e9lection de vid\u00e9os d&rsquo;infographie anim\u00e9e, dans divers secteurs. Obtenez une vid\u00e9o en 48 heures ou moins, vous \u00e9conomisez du temps et de l&rsquo;argent.<\/p>\n[\/et_pb_text][et_pb_divider color=\u00a0\u00bb#6BA600&Prime; divider_style=\u00a0\u00bbdotted\u00a0\u00bb divider_position=\u00a0\u00bbcenter\u00a0\u00bb divider_weight=\u00a0\u00bb6px\u00a0\u00bb _builder_version=\u00a0\u00bb4.9.0&Prime; _module_preset=\u00a0\u00bbdefault\u00a0\u00bb max_width=\u00a0\u00bb40%\u00a0\u00bb module_alignment=\u00a0\u00bbcenter\u00a0\u00bb custom_margin=\u00a0\u00bb21px||||false|false\u00a0\u00bb][\/et_pb_divider][\/et_pb_column][\/et_pb_row][\/et_pb_section]\n","protected":false},"excerpt":{"rendered":"<p>Vid\u00e9o d&rsquo;Infographie Anim\u00e9e<span property=\"itemListElement\" typeof=\"ListItem\"><a property=\"item\" typeof=\"WebPage\" title=\"Go to MC Marketing 360.\" href=\"https:\/\/mcmarketing360.ca\/fr\/\" class=\"home\" ><span property=\"name\">MC Marketing 360<\/span><\/a><meta property=\"position\" content=\"1\"><\/span> &gt; <span property=\"itemListElement\" typeof=\"ListItem\"><a property=\"item\" typeof=\"WebPage\" title=\"Go to Blogue.\" href=\"https:\/\/mcmarketing360.ca\/fr\/blogue\/\" class=\"post-root post post-post\" aria-current=\"page\"><span property=\"name\">Blogue<\/span><\/a><meta property=\"position\" content=\"2\"><\/span>VID\u00c9O D&rsquo;INFOGRAPHIE ANIM\u00c9E Une vid\u00e9o infographique est une forme populaire de marketing de contenu qui peut vous aider \u00e0 simplifier un sujet compliqu\u00e9 ou \u00e0 transformer un sujet par ailleurs ennuyeux en une exp\u00e9rience captivante. Une vid\u00e9o infographique doit \u00eatre visuellement attrayante et contenir un sujet et des donn\u00e9es attrayants pour votre public [&hellip;]<\/p>\n","protected":false},"author":6,"featured_media":0,"parent":0,"menu_order":0,"comment_status":"closed","ping_status":"closed","template":"","meta":{"_et_pb_use_builder":"on","_et_pb_old_content":"","_et_gb_content_width":"","footnotes":""},"class_list":["post-5118","page","type-page","status-publish","hentry"],"jetpack_sharing_enabled":true,"_links":{"self":[{"href":"https:\/\/mcmarketing360.ca\/fr\/wp-json\/wp\/v2\/pages\/5118","targetHints":{"allow":["GET"]}}],"collection":[{"href":"https:\/\/mcmarketing360.ca\/fr\/wp-json\/wp\/v2\/pages"}],"about":[{"href":"https:\/\/mcmarketing360.ca\/fr\/wp-json\/wp\/v2\/types\/page"}],"author":[{"embeddable":true,"href":"https:\/\/mcmarketing360.ca\/fr\/wp-json\/wp\/v2\/users\/6"}],"replies":[{"embeddable":true,"href":"https:\/\/mcmarketing360.ca\/fr\/wp-json\/wp\/v2\/comments?post=5118"}],"version-history":[{"count":0,"href":"https:\/\/mcmarketing360.ca\/fr\/wp-json\/wp\/v2\/pages\/5118\/revisions"}],"wp:attachment":[{"href":"https:\/\/mcmarketing360.ca\/fr\/wp-json\/wp\/v2\/media?parent=5118"}],"curies":[{"name":"wp","href":"https:\/\/api.w.org\/{rel}","templated":true}]}}