{"id":4866,"date":"2021-02-22T01:00:13","date_gmt":"2021-02-22T01:00:13","guid":{"rendered":"http:\/\/mcmarketing360.ca\/?page_id=4866"},"modified":"2021-02-25T22:14:18","modified_gmt":"2021-02-25T22:14:18","slug":"soumission-creation-site-web","status":"publish","type":"page","link":"https:\/\/mcmarketing360.ca\/fr\/soumission-creation-site-web\/","title":{"rendered":"Soumission cr\u00e9ation de site web"},"content":{"rendered":"[et_pb_section fb_built=\u00a0\u00bb1&Prime; module_class=\u00a0\u00bbinterior-header\u00a0\u00bb _builder_version=\u00a0\u00bb3.22&Prime; background_image=\u00a0\u00bbhttp:\/\/mcmarketing360.ca\/wp-content\/uploads\/2017\/10\/business-photo-7.jpg\u00a0\u00bb background_position=\u00a0\u00bbbottom_center\u00a0\u00bb][et_pb_row _builder_version=\u00a0\u00bb3.25&Prime;][et_pb_column type=\u00a0\u00bb4_4&Prime; _builder_version=\u00a0\u00bb3.25&Prime; background_position=\u00a0\u00bbtop_left\u00a0\u00bb custom_padding=\u00a0\u00bb|||\u00a0\u00bb custom_padding__hover=\u00a0\u00bb|||\u00a0\u00bb][et_pb_text admin_label=\u00a0\u00bbHeader\u00a0\u00bb _builder_version=\u00a0\u00bb4.9.0&Prime; background_layout=\u00a0\u00bbdark\u00a0\u00bb]\n<h1>Soumission de cr\u00e9ation de site web<\/h1>\n[\/et_pb_text][et_pb_code admin_label=\u00a0\u00bbBreadcrumbs shortcode\u00a0\u00bb module_class=\u00a0\u00bbbreadcrumbs\u00a0\u00bb]<span property=\"itemListElement\" typeof=\"ListItem\"><a property=\"item\" typeof=\"WebPage\" title=\"Go to MC Marketing 360.\" href=\"https:\/\/mcmarketing360.ca\/fr\/\" class=\"home\" ><span property=\"name\">MC Marketing 360<\/span><\/a><meta property=\"position\" content=\"1\"><\/span> &gt; <span property=\"itemListElement\" typeof=\"ListItem\"><a property=\"item\" typeof=\"WebPage\" title=\"Go to Blogue.\" href=\"https:\/\/mcmarketing360.ca\/fr\/blogue\/\" class=\"post-root post post-post\" aria-current=\"page\"><span property=\"name\">Blogue<\/span><\/a><meta property=\"position\" content=\"2\"><\/span>[\/et_pb_code][\/et_pb_column][\/et_pb_row][\/et_pb_section][et_pb_section fb_built=\u00a0\u00bb1&Prime; disabled_on=\u00a0\u00bboff|off|off\u00a0\u00bb module_class=\u00a0\u00bbproven-performance-section\u00a0\u00bb _builder_version=\u00a0\u00bb3.22&Prime; custom_padding=\u00a0\u00bb88px||55px|||\u00a0\u00bb][et_pb_row custom_padding_last_edited=\u00a0\u00bbon|desktop\u00a0\u00bb _builder_version=\u00a0\u00bb4.9.0&Prime; _module_preset=\u00a0\u00bbdefault\u00a0\u00bb background_enable_color=\u00a0\u00bboff\u00a0\u00bb custom_margin=\u00a0\u00bb|auto|41px|auto||\u00a0\u00bb custom_padding=\u00a0\u00bb0px|0px|0px|0px|true|true\u00a0\u00bb custom_padding_tablet=\u00a0\u00bb\u00a0\u00bb custom_padding_phone=\u00a0\u00bb\u00a0\u00bb][et_pb_column type=\u00a0\u00bb4_4&Prime; _builder_version=\u00a0\u00bb4.9.0&Prime; _module_preset=\u00a0\u00bbdefault\u00a0\u00bb][et_pb_text _builder_version=\u00a0\u00bb4.9.0&Prime; _module_preset=\u00a0\u00bbdefault\u00a0\u00bb max_width=\u00a0\u00bb80%\u00a0\u00bb max_width_tablet=\u00a0\u00bb\u00a0\u00bb max_width_phone=\u00a0\u00bb\u00a0\u00bb max_width_last_edited=\u00a0\u00bbon|desktop\u00a0\u00bb module_alignment=\u00a0\u00bbcenter\u00a0\u00bb]\n<p style=\"text-align: justify;\">Veuillez remplir ce formulaire pour obtenir un devis gratuit pour votre projet de site Web. Un de nos sp\u00e9cialistes en conception Web vous contactera dans les 24 \u00e0 48 heures. Fournissez autant que possible afin que nous puissions vous donner un prix le plus proche de la r\u00e9alit\u00e9 des informations possibles. <span style=\"text-decoration: underline;\">Tous les champs marqu\u00e9s d&rsquo;un (*) sont obligatoires<\/span>. Pour toute autre demande, veuillez nous contacter.<\/p>\n[\/et_pb_text][dsm_contact_form_7 cf7_library=\u00a0\u00bb340&Prime; label_bottom_spacing=\u00a0\u00bb0px\u00a0\u00bb button_alignment=\u00a0\u00bbcenter\u00a0\u00bb input_background_color=\u00a0\u00bb#f4f4f4&Prime; module_class=\u00a0\u00bbcontact-form\u00a0\u00bb _builder_version=\u00a0\u00bb4.9.0&Prime; _module_preset=\u00a0\u00bbdefault\u00a0\u00bb labels_font=\u00a0\u00bb|600|||||||\u00a0\u00bb labels_font_size=\u00a0\u00bb16px\u00a0\u00bb placeholder_text_align=\u00a0\u00bbleft\u00a0\u00bb custom_button_one=\u00a0\u00bbon\u00a0\u00bb button_one_text_color=\u00a0\u00bb#FFFFFF\u00a0\u00bb button_one_bg_color=\u00a0\u00bb#6BA600&Prime; max_width=\u00a0\u00bb80%\u00a0\u00bb max_width_tablet=\u00a0\u00bb\u00a0\u00bb max_width_phone=\u00a0\u00bb\u00a0\u00bb max_width_last_edited=\u00a0\u00bbon|desktop\u00a0\u00bb module_alignment=\u00a0\u00bbcenter\u00a0\u00bb hover_enabled=\u00a0\u00bb0&Prime; sticky_enabled=\u00a0\u00bb0&Prime;][\/dsm_contact_form_7][\/et_pb_column][\/et_pb_row][\/et_pb_section]\n","protected":false},"excerpt":{"rendered":"<p>Soumission de cr\u00e9ation de site web<span property=\"itemListElement\" typeof=\"ListItem\"><a property=\"item\" typeof=\"WebPage\" title=\"Go to MC Marketing 360.\" href=\"https:\/\/mcmarketing360.ca\/fr\/\" class=\"home\" ><span property=\"name\">MC Marketing 360<\/span><\/a><meta property=\"position\" content=\"1\"><\/span> &gt; <span property=\"itemListElement\" typeof=\"ListItem\"><a property=\"item\" typeof=\"WebPage\" title=\"Go to Blogue.\" href=\"https:\/\/mcmarketing360.ca\/fr\/blogue\/\" class=\"post-root post post-post\" aria-current=\"page\"><span property=\"name\">Blogue<\/span><\/a><meta property=\"position\" content=\"2\"><\/span>Veuillez remplir ce formulaire pour obtenir un devis gratuit pour votre projet de site Web. Un de nos sp\u00e9cialistes en conception Web vous contactera dans les 24 \u00e0 48 heures. Fournissez autant que possible afin que nous puissions vous donner un prix le plus proche de la r\u00e9alit\u00e9 des informations [&hellip;]<\/p>\n","protected":false},"author":6,"featured_media":0,"parent":0,"menu_order":0,"comment_status":"closed","ping_status":"closed","template":"","meta":{"_et_pb_use_builder":"on","_et_pb_old_content":"This is an example page. It's different from a blog post because it will stay in one place and will show up in your site navigation (in most themes). Most people start with an About page that introduces them to potential site visitors. It might say something like this:\r\n<blockquote>Hi there! I'm a bike messenger by day, aspiring actor by night, and this is my website. I live in Los Angeles, have a great dog named Jack, and I like pi\u00f1a coladas. (And gettin' caught in the rain.)<\/blockquote>\r\n...or something like this:\r\n<blockquote>The XYZ Doohickey Company was founded in 1971, and has been providing quality doohickeys to the public ever since. Located in Gotham City, XYZ employs over 2,000 people and does all kinds of awesome things for the Gotham community.<\/blockquote>\r\nAs a new WordPress user, you should go to <a href=\"https:\/\/divibusinesspro.aspengrovestudio.com\/wp-admin\/\">your dashboard<\/a> to delete this page and create new pages for your content. Have fun!","_et_gb_content_width":"","footnotes":""},"class_list":["post-4866","page","type-page","status-publish","hentry"],"jetpack_sharing_enabled":true,"_links":{"self":[{"href":"https:\/\/mcmarketing360.ca\/fr\/wp-json\/wp\/v2\/pages\/4866","targetHints":{"allow":["GET"]}}],"collection":[{"href":"https:\/\/mcmarketing360.ca\/fr\/wp-json\/wp\/v2\/pages"}],"about":[{"href":"https:\/\/mcmarketing360.ca\/fr\/wp-json\/wp\/v2\/types\/page"}],"author":[{"embeddable":true,"href":"https:\/\/mcmarketing360.ca\/fr\/wp-json\/wp\/v2\/users\/6"}],"replies":[{"embeddable":true,"href":"https:\/\/mcmarketing360.ca\/fr\/wp-json\/wp\/v2\/comments?post=4866"}],"version-history":[{"count":0,"href":"https:\/\/mcmarketing360.ca\/fr\/wp-json\/wp\/v2\/pages\/4866\/revisions"}],"wp:attachment":[{"href":"https:\/\/mcmarketing360.ca\/fr\/wp-json\/wp\/v2\/media?parent=4866"}],"curies":[{"name":"wp","href":"https:\/\/api.w.org\/{rel}","templated":true}]}}