{"id":436,"date":"2019-12-17T19:41:33","date_gmt":"2019-12-17T19:41:33","guid":{"rendered":"https:\/\/webdesignmontreal.co\/?page_id=436"},"modified":"2019-12-17T19:41:33","modified_gmt":"2019-12-17T19:41:33","slug":"service-de-conception-web-reactif-a-montreal","status":"publish","type":"page","link":"https:\/\/mcmarketing360.ca\/fr\/service-de-conception-web-reactif-a-montreal\/","title":{"rendered":"Service de conception Web r\u00e9actif \u00e0 Montr\u00e9al"},"content":{"rendered":"<h2>Services de conception Web \u00e0 Montr\u00e9al<\/h2>\n<p><img decoding=\"async\" class=\"alignleft wp-image-132\" src=\"https:\/\/mcmarketing360.ca\/wp-content\/uploads\/2015\/01\/responsive-web-design-montreak.jpg\" alt=\"Responsive\" width=\"347\" title=\"\"><\/p>\n<p>Vous recherchez une <strong> conception Web adaptative professionnelle \u00e0 Montr\u00e9al <\/strong>? Nous cr\u00e9ons une conception Web r\u00e9active professionnelle \u00e0 Montr\u00e9al. Si vous avez besoin d&rsquo;un site Web visuellement attrayant qui aura fi\u00e8re allure sur n&rsquo;importe quel appareil, mobile, ordinateur de bureau, ordinateur portable, c&rsquo;est ce que nous faisons. Laissez-nous concevoir un site Web professionnel pour votre entreprise qui convertira vos visiteurs en clients. Appelez-nous aujourd&rsquo;hui!<\/p>\n<p>Dans le monde d\u2019aujourd\u2019hui, il est devenu important pour toutes les entreprises du monde d\u2019aller de l\u2019avant et d\u2019avoir un site Web professionnel. En d&rsquo;autres termes, le site Web peut beaucoup contribuer au succ\u00e8s d&rsquo;une entreprise. C&rsquo;est principalement parce que les consommateurs dans le monde d&rsquo;aujourd&rsquo;hui ont tendance \u00e0 se connecter en ligne lorsqu&rsquo;ils ont besoin d&rsquo;un produit ou d&rsquo;un service sp\u00e9cifique. Si votre entreprise ne poss\u00e8de pas de site Web, vous manquerez ces clients. En cons\u00e9quence, votre entreprise diminuera avec le temps, par rapport \u00e0 vos concurrents commerciaux.<\/p>\n<p>Vous n&rsquo;avez pas besoin de d\u00e9penser une fortune pour d\u00e9velopper votre site Web d&rsquo;entreprise. \u00c0 <a href=\"https:\/\/mcmarketing360.ca\/\"> conception de sites Web Montr\u00e9al 360 <\/a>, nous pouvons vous aider \u00e0 faire d\u00e9velopper votre site Web \u00e0 un co\u00fbt modique. Ainsi, toute petite entreprise pourra aller de l&rsquo;avant et avoir sa propre entreprise, sans trop se soucier du budget.<\/p>\n<p>Notre entreprise sp\u00e9cialis\u00e9e dans la conception de sites Web r\u00e9actifs \u00e0 Montr\u00e9al a l&rsquo;expertise pour vous aider \u00e0 cr\u00e9er une vari\u00e9t\u00e9 de types de sites Web. Voici une liste de certains des types de sites Web les plus importants.<\/p>\n<h2>Type de conception de sites Web r\u00e9actifs \u00e0 Montr\u00e9al<\/h2>\n<h3>Pages de destination<\/h3>\n<p>Si vous souhaitez d\u00e9velopper une <strong> page de destination r\u00e9active <\/strong> pour votre entreprise, nous pouvons vous aider. Nous concevrons la page de destination de mani\u00e8re \u00e0 ce que vous puissiez facilement attirer de nouveaux clients vers les produits ou services que vous proposez. Par cons\u00e9quent, vous trouverez comme une t\u00e2che facile d&rsquo;augmenter votre client\u00e8le \u00e0 l&rsquo;aide de la page de destination.<\/p>\n<h3>Site Web d&rsquo;entreprise avec plusieurs pages<\/h3>\n<p>Les entreprises qui souhaitent obtenir un site Web d&rsquo;entreprise d\u00e9velopp\u00e9 avec plusieurs pages peuvent \u00e9galement demander notre assistance. Nous cr\u00e9erons un site Web r\u00e9actif et un <strong> site Web adapt\u00e9 aux mobiles <\/strong> pour votre entreprise. Nous prendrons les mesures n\u00e9cessaires afin de vous aider \u00e0 d\u00e9velopper votre site Web avec un minimum de tracas. Toutes les pages seront correctement li\u00e9es pour offrir une exp\u00e9rience pratique aux visiteurs de votre site Web.<\/p>\n<h3>Site Web du blog<\/h3>\n<p>M\u00eame si vous souhaitez d\u00e9velopper un simple <strong> site Web de blog responsable <\/strong>, vous pouvez demander notre assistance. Nous prendrons les mesures n\u00e9cessaires pour que votre blog soit le plus professionnel possible.<\/p>\n<h3>Site Web HTML<\/h3>\n<p>Les <strong> sites Web HTML statiques r\u00e9actifs <\/strong> sont id\u00e9aux pour les petites entreprises qui souhaitent simplement fournir des informations sur leurs services. Nous pouvons vous aider \u00e0 d\u00e9velopper votre site Web statique de mani\u00e8re pratique.<\/p>\n<h3>Site Web WordPress<\/h3>\n<p>Les <strong> sites Web WordPress r\u00e9actifs <\/strong> s&rsquo;accompagnent d&rsquo;une grande flexibilit\u00e9. En d&rsquo;autres termes, vous avez la possibilit\u00e9 d&rsquo;aller de l&rsquo;avant et de d\u00e9velopper le site Web WordPress selon vos pr\u00e9f\u00e9rences. Dans une telle situation, vous pouvez simplement utiliser nos services. Par cons\u00e9quent, les personnes qui recherchent les meilleurs services de conception de sites Web WordPress \u00e0 Montr\u00e9al peuvent penser \u00e0 nous contacter. Les services de conception Web \u00e0 Montr\u00e9al ne seront jamais aussi simples et pratiques.<\/p>\n<p>Plus de d\u00e9tails sur notre <a href=\"https:\/\/mcmarketing360.ca\/fr\/expert-en-conception-de-site-web-wordpress-a-montreal\/\"> <span style=\"text-decoration: underline;\"> service de conception Web WordPress\u00a0<\/span><\/a><\/p>\n<h3>Site Web de commerce \u00e9lectronique<\/h3>\n<p>Si vous avez h\u00e2te de vendre des produits en ligne, vous pouvez jeter un \u0153il aux solutions de site Web de commerce \u00e9lectronique propos\u00e9es par notre entreprise. Nos <strong> sites Web de commerce \u00e9lectronique r\u00e9actifs <\/strong> bas\u00e9s sur WooCommerce seront conviviaux et vous trouverez comme une t\u00e2che facile de mettre \u00e0 jour facilement votre collection de produits.<\/p>\n<p>Comme vous pouvez le voir, nous, \u00e0 Website Design Company \u00e0 Montr\u00e9al, pouvons vous fournir l&rsquo;assistance la plus appropri\u00e9e pour la conception et le d\u00e9veloppement de votre site Web. Vous pouvez donc nous contacter sans aucun doute.<\/p>\n<p>Plus de d\u00e9tails sur notre <a href=\"https:\/\/mcmarketing360.ca\/fr\/commerce-electronique-avec-wordpress\/\"> <span style=\"text-decoration: underline;\"> service de conception de sites Web de commerce \u00e9lectronique\u00a0<\/span><\/a><\/p>\n<p>Si vous \u00eates int\u00e9ress\u00e9 \u00e0 obtenir une conception de sites Web professionnels r\u00e9actifs \u00e0 Montr\u00e9al, appelez-nous et nous serons heureux de vous donner un devis gratuit pour votre projet.<\/p>\n<p><strong> Article int\u00e9ressant <\/strong><br \/>\n&#8211; <a href=\"https:\/\/mcmarketing360.ca\/avantages-dembaucher-un-professionnel-pour-la-conception-de-votre-site-web\/\"> Avantages d&rsquo;avoir un site Web r\u00e9alis\u00e9 par un professionnel <\/a><\/p>\n","protected":false},"excerpt":{"rendered":"<p>Services de conception Web \u00e0 Montr\u00e9al Vous recherchez une conception Web adaptative professionnelle \u00e0 Montr\u00e9al ? Nous cr\u00e9ons une conception Web r\u00e9active professionnelle \u00e0 Montr\u00e9al. Si vous avez besoin d&rsquo;un site Web visuellement attrayant qui aura fi\u00e8re allure sur n&rsquo;importe quel appareil, mobile, ordinateur de bureau, ordinateur portable, c&rsquo;est ce que nous faisons. Laissez-nous concevoir [&hellip;]<\/p>\n","protected":false},"author":6,"featured_media":0,"parent":0,"menu_order":0,"comment_status":"closed","ping_status":"closed","template":"","meta":{"_et_pb_use_builder":"on","_et_pb_old_content":"<h2>Services de conception Web \u00e0 Montr\u00e9al<\/h2>\n<img class=\"alignleft wp-image-132\" src=\"https:\/\/mcmarketing360.ca\/wp-content\/uploads\/2015\/01\/responsive-web-design-montreak.jpg\" alt=\"Responsive\" width=\"347\" \/>\n\nVous recherchez une <strong> conception Web adaptative professionnelle \u00e0 Montr\u00e9al <\/strong>? Nous cr\u00e9ons une conception Web r\u00e9active professionnelle \u00e0 Montr\u00e9al. Si vous avez besoin d'un site Web visuellement attrayant qui aura fi\u00e8re allure sur n'importe quel appareil, mobile, ordinateur de bureau, ordinateur portable, c'est ce que nous faisons. Laissez-nous concevoir un site Web professionnel pour votre entreprise qui convertira vos visiteurs en clients. Appelez-nous aujourd'hui!\n\nDans le monde d\u2019aujourd\u2019hui, il est devenu important pour toutes les entreprises du monde d\u2019aller de l\u2019avant et d\u2019avoir un site Web professionnel. En d'autres termes, le site Web peut beaucoup contribuer au succ\u00e8s d'une entreprise. C'est principalement parce que les consommateurs dans le monde d'aujourd'hui ont tendance \u00e0 se connecter en ligne lorsqu'ils ont besoin d'un produit ou d'un service sp\u00e9cifique. Si votre entreprise ne poss\u00e8de pas de site Web, vous manquerez ces clients. En cons\u00e9quence, votre entreprise diminuera avec le temps, par rapport \u00e0 vos concurrents commerciaux.\n\nVous n'avez pas besoin de d\u00e9penser une fortune pour d\u00e9velopper votre site Web d'entreprise. \u00c0 <a href=\"https:\/\/mcmarketing360.ca\/\"> conception de sites Web Montr\u00e9al 360 <\/a>, nous pouvons vous aider \u00e0 faire d\u00e9velopper votre site Web \u00e0 un co\u00fbt modique. Ainsi, toute petite entreprise pourra aller de l'avant et avoir sa propre entreprise, sans trop se soucier du budget.\n\nNotre entreprise sp\u00e9cialis\u00e9e dans la conception de sites Web r\u00e9actifs \u00e0 Montr\u00e9al a l'expertise pour vous aider \u00e0 cr\u00e9er une vari\u00e9t\u00e9 de types de sites Web. Voici une liste de certains des types de sites Web les plus importants.\n<h2>Type de conception de sites Web r\u00e9actifs \u00e0 Montr\u00e9al<\/h2>\n<h3>Pages de destination<\/h3>\nSi vous souhaitez d\u00e9velopper une <strong> page de destination r\u00e9active <\/strong> pour votre entreprise, nous pouvons vous aider. Nous concevrons la page de destination de mani\u00e8re \u00e0 ce que vous puissiez facilement attirer de nouveaux clients vers les produits ou services que vous proposez. Par cons\u00e9quent, vous trouverez comme une t\u00e2che facile d'augmenter votre client\u00e8le \u00e0 l'aide de la page de destination.\n<h3>Site Web d'entreprise avec plusieurs pages<\/h3>\nLes entreprises qui souhaitent obtenir un site Web d'entreprise d\u00e9velopp\u00e9 avec plusieurs pages peuvent \u00e9galement demander notre assistance. Nous cr\u00e9erons un site Web r\u00e9actif et un <strong> site Web adapt\u00e9 aux mobiles <\/strong> pour votre entreprise. Nous prendrons les mesures n\u00e9cessaires afin de vous aider \u00e0 d\u00e9velopper votre site Web avec un minimum de tracas. Toutes les pages seront correctement li\u00e9es pour offrir une exp\u00e9rience pratique aux visiteurs de votre site Web.\n<h3>Site Web du blog<\/h3>\nM\u00eame si vous souhaitez d\u00e9velopper un simple <strong> site Web de blog responsable <\/strong>, vous pouvez demander notre assistance. Nous prendrons les mesures n\u00e9cessaires pour que votre blog soit le plus professionnel possible.\n<h3>Site Web HTML<\/h3>\nLes <strong> sites Web HTML statiques r\u00e9actifs <\/strong> sont id\u00e9aux pour les petites entreprises qui souhaitent simplement fournir des informations sur leurs services. Nous pouvons vous aider \u00e0 d\u00e9velopper votre site Web statique de mani\u00e8re pratique.\n<h3>Site Web WordPress<\/h3>\nLes <strong> sites Web WordPress r\u00e9actifs <\/strong> s'accompagnent d'une grande flexibilit\u00e9. En d'autres termes, vous avez la possibilit\u00e9 d'aller de l'avant et de d\u00e9velopper le site Web WordPress selon vos pr\u00e9f\u00e9rences. Dans une telle situation, vous pouvez simplement utiliser nos services. Par cons\u00e9quent, les personnes qui recherchent les meilleurs services de conception de sites Web Wordpress \u00e0 Montr\u00e9al peuvent penser \u00e0 nous contacter. Les services de conception Web \u00e0 Montr\u00e9al ne seront jamais aussi simples et pratiques.\n\nPlus de d\u00e9tails sur notre <a href=\"https:\/\/mcmarketing360.ca\/fr\/expert-en-conception-de-site-web-wordpress-a-montreal\/\"> <span style=\"text-decoration: underline;\"> service de conception Web WordPress\u00a0<\/span><\/a>\n<h3>Site Web de commerce \u00e9lectronique<\/h3>\nSi vous avez h\u00e2te de vendre des produits en ligne, vous pouvez jeter un \u0153il aux solutions de site Web de commerce \u00e9lectronique propos\u00e9es par notre entreprise. Nos <strong> sites Web de commerce \u00e9lectronique r\u00e9actifs <\/strong> bas\u00e9s sur WooCommerce seront conviviaux et vous trouverez comme une t\u00e2che facile de mettre \u00e0 jour facilement votre collection de produits.\n\nComme vous pouvez le voir, nous, \u00e0 Website Design Company \u00e0 Montr\u00e9al, pouvons vous fournir l'assistance la plus appropri\u00e9e pour la conception et le d\u00e9veloppement de votre site Web. Vous pouvez donc nous contacter sans aucun doute.\n\nPlus de d\u00e9tails sur notre <a href=\"https:\/\/mcmarketing360.ca\/fr\/commerce-electronique-avec-wordpress\/\"> <span style=\"text-decoration: underline;\"> service de conception de sites Web de commerce \u00e9lectronique\u00a0<\/span><\/a>\n\nSi vous \u00eates int\u00e9ress\u00e9 \u00e0 obtenir une conception de sites Web professionnels r\u00e9actifs \u00e0 Montr\u00e9al, appelez-nous et nous serons heureux de vous donner un devis gratuit pour votre projet.\n\n<strong> Article int\u00e9ressant <\/strong>\n- <a href=\"https:\/\/mcmarketing360.ca\/avantages-dembaucher-un-professionnel-pour-la-conception-de-votre-site-web\/\"> Avantages d'avoir un site Web r\u00e9alis\u00e9 par un professionnel <\/a>","_et_gb_content_width":"","footnotes":""},"class_list":["post-436","page","type-page","status-publish","hentry"],"jetpack_sharing_enabled":true,"_links":{"self":[{"href":"https:\/\/mcmarketing360.ca\/fr\/wp-json\/wp\/v2\/pages\/436","targetHints":{"allow":["GET"]}}],"collection":[{"href":"https:\/\/mcmarketing360.ca\/fr\/wp-json\/wp\/v2\/pages"}],"about":[{"href":"https:\/\/mcmarketing360.ca\/fr\/wp-json\/wp\/v2\/types\/page"}],"author":[{"embeddable":true,"href":"https:\/\/mcmarketing360.ca\/fr\/wp-json\/wp\/v2\/users\/6"}],"replies":[{"embeddable":true,"href":"https:\/\/mcmarketing360.ca\/fr\/wp-json\/wp\/v2\/comments?post=436"}],"version-history":[{"count":0,"href":"https:\/\/mcmarketing360.ca\/fr\/wp-json\/wp\/v2\/pages\/436\/revisions"}],"wp:attachment":[{"href":"https:\/\/mcmarketing360.ca\/fr\/wp-json\/wp\/v2\/media?parent=436"}],"curies":[{"name":"wp","href":"https:\/\/api.w.org\/{rel}","templated":true}]}}