{"id":425,"date":"2019-12-17T19:29:42","date_gmt":"2019-12-17T19:29:42","guid":{"rendered":"https:\/\/webdesignmontreal.co\/?page_id=425"},"modified":"2019-12-17T19:29:42","modified_gmt":"2019-12-17T19:29:42","slug":"conception-graphique","status":"publish","type":"page","link":"https:\/\/mcmarketing360.ca\/fr\/conception-graphique\/","title":{"rendered":"Conception graphique cr\u00e9ative"},"content":{"rendered":"[et_pb_section fb_built=\u00a0\u00bb1&Prime; custom_padding_last_edited=\u00a0\u00bbon|phone\u00a0\u00bb admin_label=\u00a0\u00bbHero Section\u00a0\u00bb _builder_version=\u00a0\u00bb4.6.5&Prime; background_color=\u00a0\u00bb#3644af\u00a0\u00bb use_background_color_gradient=\u00a0\u00bbon\u00a0\u00bb background_color_gradient_start=\u00a0\u00bbrgba(1,114,140,0.46)\u00a0\u00bb background_color_gradient_end=\u00a0\u00bbrgba(25,131,147,0.47)\u00a0\u00bb background_color_gradient_overlays_image=\u00a0\u00bbon\u00a0\u00bb background_image=\u00a0\u00bbhttps:\/\/mcmarketing360.ca\/wp-content\/uploads\/2020\/11\/team-designing-a-new-website-10.jpg\u00a0\u00bb custom_padding=\u00a0\u00bb100px|0px|100px|0px\u00a0\u00bb custom_padding_tablet=\u00a0\u00bb75px||75px||true|false\u00a0\u00bb custom_padding_phone=\u00a0\u00bb44px||44px||true|false\u00a0\u00bb locked=\u00a0\u00bboff\u00a0\u00bb][et_pb_row _builder_version=\u00a0\u00bb3.25&Prime; custom_padding=\u00a0\u00bb|||\u00a0\u00bb animation_style=\u00a0\u00bbslide\u00a0\u00bb animation_direction=\u00a0\u00bbbottom\u00a0\u00bb animation_intensity_slide=\u00a0\u00bb10%\u00a0\u00bb][et_pb_column type=\u00a0\u00bb4_4&Prime; _builder_version=\u00a0\u00bb3.25&Prime; custom_padding=\u00a0\u00bb|||\u00a0\u00bb custom_padding__hover=\u00a0\u00bb|||\u00a0\u00bb][et_pb_text admin_label=\u00a0\u00bbTitle and subhead\u00a0\u00bb _builder_version=\u00a0\u00bb4.6.5&Prime; text_font=\u00a0\u00bbUbuntu||||||||\u00a0\u00bb text_font_size=\u00a0\u00bb16px\u00a0\u00bb text_line_height=\u00a0\u00bb1.8em\u00a0\u00bb header_font=\u00a0\u00bbMontserrat|700||on|||||\u00a0\u00bb header_text_color=\u00a0\u00bb#ffffff\u00a0\u00bb header_font_size=\u00a0\u00bb46px\u00a0\u00bb header_line_height=\u00a0\u00bb1.4em\u00a0\u00bb header_2_font=\u00a0\u00bb||||||||\u00a0\u00bb text_orientation=\u00a0\u00bbcenter\u00a0\u00bb max_width=\u00a0\u00bb1200px\u00a0\u00bb module_alignment=\u00a0\u00bbcenter\u00a0\u00bb header_font_size_tablet=\u00a0\u00bb36px\u00a0\u00bb header_font_size_phone=\u00a0\u00bb26px\u00a0\u00bb header_font_size_last_edited=\u00a0\u00bbon|phone\u00a0\u00bb locked=\u00a0\u00bboff\u00a0\u00bb]\n<h1>GRAPHISME \u00c0 MONTR\u00c9AL<\/h1>\n[\/et_pb_text][\/et_pb_column][\/et_pb_row][\/et_pb_section][et_pb_section fb_built=\u00a0\u00bb1&Prime; admin_label=\u00a0\u00bbPricing Tables Section\u00a0\u00bb _builder_version=\u00a0\u00bb4.6.5&Prime; custom_padding=\u00a0\u00bb80px|0px|80px|0px|true|false\u00a0\u00bb][et_pb_row column_structure=\u00a0\u00bb1_2,1_2&Prime; admin_label=\u00a0\u00bbPrices\u00a0\u00bb _builder_version=\u00a0\u00bb4.6.5&Prime; max_width=\u00a0\u00bb1200px\u00a0\u00bb][et_pb_column type=\u00a0\u00bb1_2&Prime; _builder_version=\u00a0\u00bb3.25&Prime; custom_padding=\u00a0\u00bb|||\u00a0\u00bb custom_padding__hover=\u00a0\u00bb|||\u00a0\u00bb][et_pb_image src=\u00a0\u00bbhttps:\/\/mcmarketing360.ca\/wp-content\/uploads\/2020\/11\/graphic-designer-on-a-new-project-in-montreal.jpeg\u00a0\u00bb alt=\u00a0\u00bbwebsite-content-creation-copywriting-montreal\u00a0\u00bb title_text=\u00a0\u00bbgraphic-designer-on-a-new-project-in-montreal\u00a0\u00bb _builder_version=\u00a0\u00bb4.6.5&Prime; _module_preset=\u00a0\u00bbdefault\u00a0\u00bb module_alignment=\u00a0\u00bbright\u00a0\u00bb module_alignment_tablet=\u00a0\u00bbcenter\u00a0\u00bb module_alignment_phone=\u00a0\u00bbcenter\u00a0\u00bb module_alignment_last_edited=\u00a0\u00bbon|phone\u00a0\u00bb][\/et_pb_image][\/et_pb_column][et_pb_column type=\u00a0\u00bb1_2&Prime; _builder_version=\u00a0\u00bb3.25&Prime; custom_padding=\u00a0\u00bb|||\u00a0\u00bb custom_padding__hover=\u00a0\u00bb|||\u00a0\u00bb][et_pb_text _builder_version=\u00a0\u00bb4.6.5&Prime; _module_preset=\u00a0\u00bbdefault\u00a0\u00bb text_font=\u00a0\u00bb||||||||\u00a0\u00bb text_font_size=\u00a0\u00bb16px\u00a0\u00bb text_line_height=\u00a0\u00bb1.8em\u00a0\u00bb header_font=\u00a0\u00bb||||||||\u00a0\u00bb header_2_font=\u00a0\u00bbMontserrat|700||on|||||\u00a0\u00bb header_2_font_size=\u00a0\u00bb40px\u00a0\u00bb max_width=\u00a0\u00bb500px\u00a0\u00bb module_alignment=\u00a0\u00bbleft\u00a0\u00bb custom_margin=\u00a0\u00bb6px||||false|false\u00a0\u00bb custom_margin_tablet=\u00a0\u00bb\u00a0\u00bb custom_margin_phone=\u00a0\u00bb2px||||false|false\u00a0\u00bb custom_margin_last_edited=\u00a0\u00bbon|phone\u00a0\u00bb module_alignment_tablet=\u00a0\u00bbcenter\u00a0\u00bb module_alignment_phone=\u00a0\u00bbleft\u00a0\u00bb module_alignment_last_edited=\u00a0\u00bbon|phone\u00a0\u00bb]\n<h2><span style=\"font-size: 66%; color: #acacac;\">Montr\u00e9al<\/span><br \/> Design Graphique<\/h2>\n[\/et_pb_text][et_pb_text _builder_version=\u00a0\u00bb4.6.5&Prime; _module_preset=\u00a0\u00bbdefault\u00a0\u00bb text_font=\u00a0\u00bb||||||||\u00a0\u00bb text_font_size=\u00a0\u00bb16px\u00a0\u00bb text_line_height=\u00a0\u00bb1.8em\u00a0\u00bb header_font=\u00a0\u00bb||||||||\u00a0\u00bb header_2_font=\u00a0\u00bbMontserrat|700||on|||||\u00a0\u00bb header_2_font_size=\u00a0\u00bb40px\u00a0\u00bb module_alignment=\u00a0\u00bbleft\u00a0\u00bb custom_margin=\u00a0\u00bb|||\u00a0\u00bb]\n<p style=\"text-align: justify;\"><span>Web Design Montr\u00e9al 360<span>\u00a0<\/span><\/span><span>\u00a0<\/span><span>offre plus de services qu&rsquo;un simple site Web.<span>\u00a0<\/span>Les services comprennent des outils de marketing, l&rsquo;h\u00e9bergement et bien d&rsquo;autres!<span>\u00a0<\/span>Si vous \u00eates une personne qui a h\u00e2te de faire <a href=\"https:\/\/mcmarketing360.ca\/fr\/conception-site-web\/\">conception d&rsquo;un site Internet<\/a>, vous devrez penser \u00e0 porter une attention particuli\u00e8re aux graphiques.<span>\u00a0<\/span>C&rsquo;est l\u00e0 que les graphistes montr\u00e9alais peuvent vous aider.<\/span><\/p>\n<p style=\"text-align: justify;\"><span>Cherchez-vous un site Web parfait avec des graphismes \u00e9poustouflants?<span>\u00a0<\/span>Confiez votre travail \u00e0 des experts de l&rsquo;industrie.<span>\u00a0<\/span>Nous sommes l&rsquo;une des meilleures entreprises de conception graphique de Montr\u00e9al, qui a su maintenir une solide r\u00e9putation \u00e0 travers le pass\u00e9 en offrant des services de haute qualit\u00e9 aux personnes dans le besoin.<span>\u00a0<\/span>Les graphistes de Montr\u00e9al utiliseront leurs connaissances et leur exp\u00e9rience pour vous fournir un site Web efficace et accrocheur dans un court laps de temps.<\/span><\/p>\n[\/et_pb_text][\/et_pb_column][\/et_pb_row][\/et_pb_section][et_pb_section fb_built=\u00a0\u00bb1&Prime; admin_label=\u00a0\u00bbFeature Details\u00a0\u00bb _builder_version=\u00a0\u00bb3.22&Prime; background_color=\u00a0\u00bb#2A3443&Prime; custom_padding=\u00a0\u00bb|||\u00a0\u00bb][et_pb_row column_structure=\u00a0\u00bb1_2,1_2&Prime; _builder_version=\u00a0\u00bb4.6.5&Prime; max_width=\u00a0\u00bb1200px\u00a0\u00bb][et_pb_column type=\u00a0\u00bb1_2&Prime; _builder_version=\u00a0\u00bb4.6.5&Prime; custom_padding=\u00a0\u00bb||||false|false\u00a0\u00bb custom_padding__hover=\u00a0\u00bb|||\u00a0\u00bb][et_pb_text _builder_version=\u00a0\u00bb4.6.5&Prime; _module_preset=\u00a0\u00bbdefault\u00a0\u00bb text_font=\u00a0\u00bb||||||||\u00a0\u00bb text_text_color=\u00a0\u00bbrgba(255,255,255,0.7)\u00a0\u00bb text_font_size=\u00a0\u00bb16px\u00a0\u00bb text_line_height=\u00a0\u00bb1.8em\u00a0\u00bb header_font=\u00a0\u00bb||||||||\u00a0\u00bb header_2_font=\u00a0\u00bbMontserrat|700||on|||||\u00a0\u00bb header_2_font_size=\u00a0\u00bb40px\u00a0\u00bb background_layout=\u00a0\u00bbdark\u00a0\u00bb module_alignment=\u00a0\u00bbright\u00a0\u00bb custom_margin=\u00a0\u00bb||||false|false\u00a0\u00bb module_alignment_tablet=\u00a0\u00bbcenter\u00a0\u00bb module_alignment_phone=\u00a0\u00bbcenter\u00a0\u00bb module_alignment_last_edited=\u00a0\u00bbon|desktop\u00a0\u00bb]\n<h2 style=\"text-align: right;\"><span style=\"font-size: 66%; color: #acacac;\">\u00c9QUIPE DE <\/span><br \/>\nGRAPHISTES QUALIFI\u00c9S<\/h2>\n[\/et_pb_text][et_pb_text admin_label=\u00a0\u00bbTitle\u00a0\u00bb _builder_version=\u00a0\u00bb4.6.5&Prime; text_font=\u00a0\u00bb||||||||\u00a0\u00bb text_text_color=\u00a0\u00bbrgba(255,255,255,0.7)\u00a0\u00bb text_font_size=\u00a0\u00bb16px\u00a0\u00bb text_line_height=\u00a0\u00bb1.8em\u00a0\u00bb header_font=\u00a0\u00bb||||||||\u00a0\u00bb header_2_font=\u00a0\u00bbMontserrat|700||on|||||\u00a0\u00bb header_2_font_size=\u00a0\u00bb40px\u00a0\u00bb background_layout=\u00a0\u00bbdark\u00a0\u00bb module_alignment=\u00a0\u00bbright\u00a0\u00bb custom_margin=\u00a0\u00bb||||false|false\u00a0\u00bb module_alignment_tablet=\u00a0\u00bbcenter\u00a0\u00bb module_alignment_phone=\u00a0\u00bbcenter\u00a0\u00bb module_alignment_last_edited=\u00a0\u00bbon|desktop\u00a0\u00bb locked=\u00a0\u00bboff\u00a0\u00bb]\n<p style=\"text-align: justify;\"><span>Votre site Web doit avoir la capacit\u00e9 de d\u00e9velopper la communication \u00e0 travers le monde.<span>\u00a0<\/span>Les graphismes y jouent un r\u00f4le majeur.<span>\u00a0<\/span>Avec l&rsquo;aide de graphismes \u00e9poustouflants, vous aurez \u00e9galement la possibilit\u00e9 d&rsquo;offrir une concurrence d\u00e9cente \u00e0 vos concurrents commerciaux.<span>\u00a0<\/span>D&rsquo;autre part, vous pourrez pr\u00e9senter votre entreprise au monde avec un glamour et un style am\u00e9lior\u00e9s.<\/span><\/p>\n<p style=\"text-align: justify;\"><span>Nous avons une \u00e9quipe de graphistes hautement qualifi\u00e9s.<span>\u00a0<\/span>Ils ont beaucoup d&rsquo;exp\u00e9rience pour aider les gens \u00e0 cr\u00e9er des graphismes fascinants.<span>\u00a0<\/span>Par cons\u00e9quent, vous pouvez compter sur les services de conception graphique offerts par notre soci\u00e9t\u00e9 sans avoir aucun doute \u00e0 l&rsquo;esprit.<span>\u00a0<\/span>Vous serez en mesure d&rsquo;attirer de nouveaux clients vers votre entreprise gr\u00e2ce aux<span>\u00a0<\/span>services de conception graphique<span>\u00a0<\/span><\/span><a href=\"https:\/\/en.wikipedia.org\/wiki\/Graphic_design\" target=\"_blank\" rel=\"noopener noreferrer\">[1]<span><\/span><span><\/span><\/a><span><span>\u00a0<\/span>exclusifs que<span>\u00a0<\/span><\/span><span>\u00a0<\/span><span>nous proposons.<span>\u00a0<\/span>Tous les graphiques seront con\u00e7us de mani\u00e8re attrayante pour les clients.<span>\u00a0<\/span>Nous prendrons \u00e9galement les mesures n\u00e9cessaires pour int\u00e9grer vos directives de marque dans les graphiques que nous concevons.<span>\u00a0<\/span>Par cons\u00e9quent, vous aurez la possibilit\u00e9 d&rsquo;aligner votre site Web pour repr\u00e9senter \u00e9galement les valeurs de votre entreprise.<\/span><\/p>\n[\/et_pb_text][\/et_pb_column][et_pb_column type=\u00a0\u00bb1_2&Prime; _builder_version=\u00a0\u00bb4.6.5&Prime; custom_padding=\u00a0\u00bb|||\u00a0\u00bb custom_padding__hover=\u00a0\u00bb|||\u00a0\u00bb][et_pb_image src=\u00a0\u00bbhttps:\/\/mcmarketing360.ca\/wp-content\/uploads\/2020\/11\/team-discussing-about-new-graphic-design-project-in-montreal.jpeg\u00a0\u00bb title_text=\u00a0\u00bbteam-discussing-about-new-graphic-design-project-in-montreal\u00a0\u00bb align_tablet=\u00a0\u00bbcenter\u00a0\u00bb align_phone=\u00a0\u00bb\u00a0\u00bb align_last_edited=\u00a0\u00bbon|desktop\u00a0\u00bb _builder_version=\u00a0\u00bb4.6.5&Prime; module_alignment=\u00a0\u00bbleft\u00a0\u00bb animation_style=\u00a0\u00bbslide\u00a0\u00bb animation_direction=\u00a0\u00bbright\u00a0\u00bb animation_intensity_slide=\u00a0\u00bb10%\u00a0\u00bb module_alignment_tablet=\u00a0\u00bbcenter\u00a0\u00bb module_alignment_phone=\u00a0\u00bbcenter\u00a0\u00bb module_alignment_last_edited=\u00a0\u00bbon|phone\u00a0\u00bb][\/et_pb_image][\/et_pb_column][\/et_pb_row][\/et_pb_section][et_pb_section fb_built=\u00a0\u00bb1&Prime; custom_padding_last_edited=\u00a0\u00bbon|tablet\u00a0\u00bb admin_label=\u00a0\u00bbFeature Details\u00a0\u00bb _builder_version=\u00a0\u00bb4.6.5&Prime; background_color=\u00a0\u00bb#0DA2BF\u00a0\u00bb module_alignment=\u00a0\u00bbcenter\u00a0\u00bb custom_padding=\u00a0\u00bb65px||65px||true|false\u00a0\u00bb custom_padding_tablet=\u00a0\u00bb\u00a0\u00bb custom_padding_phone=\u00a0\u00bb\u00a0\u00bb module_alignment_tablet=\u00a0\u00bbcenter\u00a0\u00bb module_alignment_phone=\u00a0\u00bbcenter\u00a0\u00bb module_alignment_last_edited=\u00a0\u00bbon|desktop\u00a0\u00bb][et_pb_row column_structure=\u00a0\u00bb1_2,1_2&Prime; admin_label=\u00a0\u00bbPrices\u00a0\u00bb _builder_version=\u00a0\u00bb4.6.5&Prime; max_width=\u00a0\u00bb1200px\u00a0\u00bb][et_pb_column type=\u00a0\u00bb1_2&Prime; _builder_version=\u00a0\u00bb3.25&Prime; custom_padding=\u00a0\u00bb|||\u00a0\u00bb custom_padding__hover=\u00a0\u00bb|||\u00a0\u00bb][et_pb_image src=\u00a0\u00bbhttps:\/\/mcmarketing360.ca\/wp-content\/uploads\/2020\/11\/new-graphic-made-by-our-designer-in-montreal.jpeg\u00a0\u00bb title_text=\u00a0\u00bbnew-graphic-made-by-our-designer-in-montreal\u00a0\u00bb align_tablet=\u00a0\u00bbcenter\u00a0\u00bb align_phone=\u00a0\u00bb\u00a0\u00bb align_last_edited=\u00a0\u00bbon|desktop\u00a0\u00bb _builder_version=\u00a0\u00bb4.6.5&Prime; max_width=\u00a0\u00bb1200px\u00a0\u00bb][\/et_pb_image][\/et_pb_column][et_pb_column type=\u00a0\u00bb1_2&Prime; _builder_version=\u00a0\u00bb3.25&Prime; custom_padding=\u00a0\u00bb|||\u00a0\u00bb custom_padding__hover=\u00a0\u00bb|||\u00a0\u00bb][et_pb_text _builder_version=\u00a0\u00bb4.6.5&Prime; _module_preset=\u00a0\u00bbdefault\u00a0\u00bb text_font=\u00a0\u00bb||||||||\u00a0\u00bb text_text_color=\u00a0\u00bbrgba(255,255,255,0.7)\u00a0\u00bb text_font_size=\u00a0\u00bb16px\u00a0\u00bb text_line_height=\u00a0\u00bb1.8em\u00a0\u00bb header_font=\u00a0\u00bb||||||||\u00a0\u00bb header_2_font=\u00a0\u00bbMontserrat|700||on|||||\u00a0\u00bb header_2_font_size=\u00a0\u00bb40px\u00a0\u00bb background_layout=\u00a0\u00bbdark\u00a0\u00bb module_alignment=\u00a0\u00bbright\u00a0\u00bb custom_margin=\u00a0\u00bb||||false|false\u00a0\u00bb module_alignment_tablet=\u00a0\u00bbcenter\u00a0\u00bb module_alignment_phone=\u00a0\u00bbcenter\u00a0\u00bb module_alignment_last_edited=\u00a0\u00bbon|desktop\u00a0\u00bb]\n<h2 style=\"text-align: left;\"><span style=\"font-size: 66%; color: #acacac;\">EXPERTS EN<\/span><br \/>\nCONCEPTION GRAPHIQUE<\/h2>\n[\/et_pb_text][et_pb_text admin_label=\u00a0\u00bbTitle\u00a0\u00bb _builder_version=\u00a0\u00bb4.6.5&Prime; text_font=\u00a0\u00bb||||||||\u00a0\u00bb text_text_color=\u00a0\u00bb#ffffff\u00a0\u00bb text_font_size=\u00a0\u00bb16px\u00a0\u00bb text_line_height=\u00a0\u00bb1.8em\u00a0\u00bb header_font=\u00a0\u00bb||||||||\u00a0\u00bb header_2_font=\u00a0\u00bbMontserrat|700|||||||\u00a0\u00bb header_2_font_size=\u00a0\u00bb40px\u00a0\u00bb header_2_line_height=\u00a0\u00bb1.4em\u00a0\u00bb background_layout=\u00a0\u00bbdark\u00a0\u00bb module_alignment=\u00a0\u00bbleft\u00a0\u00bb custom_margin=\u00a0\u00bb||||false|false\u00a0\u00bb module_alignment_tablet=\u00a0\u00bbcenter\u00a0\u00bb module_alignment_phone=\u00a0\u00bbcenter\u00a0\u00bb module_alignment_last_edited=\u00a0\u00bbon|phone\u00a0\u00bb locked=\u00a0\u00bboff\u00a0\u00bb]\n<p style=\"text-align: justify;\"><span>Nos experts en conception graphique suivent une approche flexible lorsqu&rsquo;ils aident les individus \u00e0 r\u00e9pondre \u00e0 leurs besoins en conception graphique.<span>\u00a0<\/span>Par cons\u00e9quent, ils sont en mesure d&rsquo;int\u00e9grer vos commentaires et de travailler en cons\u00e9quence.<span>\u00a0<\/span>Nos prix sont \u00e9galement flexibles.<span>\u00a0<\/span>Pour cette raison, vous pourrez obtenir des graphismes \u00e9poustouflants cr\u00e9\u00e9s pour l&rsquo;entreprise sans d\u00e9penser une fortune.<\/span><\/p>\n<p style=\"text-align: justify;\"><span>Certains des services de conception graphique les plus importants offerts par notre soci\u00e9t\u00e9 comprennent:<\/span><\/p>\n<ul>\n<li><span><\/span><span>Conception de logo &#8211; Vous serez en mesure d&rsquo;obtenir un superbe logo cr\u00e9\u00e9 pour votre entreprise avec l&rsquo;aide de nos experts.<\/span><\/li>\n<li><span><\/span><span>Brochures &#8211; Nous pouvons \u00e9galement vous aider dans la conception de brochures professionnelles.<\/span><\/li>\n<li><span><\/span><span>Conception de WordPress &#8211; Si vous souhaitez obtenir un site Web WordPress de qualit\u00e9 con\u00e7u pour l&rsquo;entreprise, vous pouvez jeter un \u0153il \u00e0 nos services.<span>\u00a0<\/span>Nous accordons une attention particuli\u00e8re \u00e0 l&rsquo;exp\u00e9rience utilisateur lors de la conception.<\/span><\/li>\n<\/ul>\n[\/et_pb_text][\/et_pb_column][\/et_pb_row][\/et_pb_section][et_pb_section fb_built=\u00a0\u00bb1&Prime; admin_label=\u00a0\u00bbFeature\u00a0\u00bb _builder_version=\u00a0\u00bb4.6.5&Prime; custom_padding=\u00a0\u00bb80px|0px|80px|0px|true|false\u00a0\u00bb][et_pb_row column_structure=\u00a0\u00bb1_2,1_2&Prime; _builder_version=\u00a0\u00bb4.6.5&Prime; max_width=\u00a0\u00bb1200px\u00a0\u00bb][et_pb_column type=\u00a0\u00bb1_2&Prime; _builder_version=\u00a0\u00bb3.25&Prime; custom_padding=\u00a0\u00bb|||\u00a0\u00bb custom_padding__hover=\u00a0\u00bb|||\u00a0\u00bb][et_pb_text admin_label=\u00a0\u00bbTitle\u00a0\u00bb _builder_version=\u00a0\u00bb4.6.5&Prime; text_font=\u00a0\u00bb||||||||\u00a0\u00bb text_font_size=\u00a0\u00bb16px\u00a0\u00bb text_line_height=\u00a0\u00bb1.8em\u00a0\u00bb header_font=\u00a0\u00bb||||||||\u00a0\u00bb header_2_font=\u00a0\u00bbMontserrat|700|||||||\u00a0\u00bb header_2_font_size=\u00a0\u00bb40px\u00a0\u00bb header_2_line_height=\u00a0\u00bb1.4em\u00a0\u00bb module_alignment=\u00a0\u00bbleft\u00a0\u00bb custom_margin=\u00a0\u00bb|||\u00a0\u00bb module_alignment_tablet=\u00a0\u00bbcenter\u00a0\u00bb module_alignment_phone=\u00a0\u00bbcenter\u00a0\u00bb module_alignment_last_edited=\u00a0\u00bbon|phone\u00a0\u00bb locked=\u00a0\u00bboff\u00a0\u00bb]\n<p style=\"text-align: justify;\"><span>Nous travaillons avec vous \u00e0 partir du moment o\u00f9 vous passez le projet.<span>\u00a0<\/span>Par cons\u00e9quent, vous n&rsquo;aurez \u00e0 vous soucier de rien lorsque vous b\u00e9n\u00e9ficierez de nos services d&rsquo;experts en conception graphique.<\/span><\/p>\n<p style=\"text-align: justify;\"><span>\u00a0Comme vous pouvez le voir, nous sommes parmi les meilleurs graphistes de Montr\u00e9al.\u00a0<\/span><\/p>\n[\/et_pb_text][\/et_pb_column][et_pb_column type=\u00a0\u00bb1_2&Prime; _builder_version=\u00a0\u00bb3.25&Prime; custom_padding=\u00a0\u00bb|||\u00a0\u00bb custom_padding__hover=\u00a0\u00bb|||\u00a0\u00bb][et_pb_text admin_label=\u00a0\u00bbTitle\u00a0\u00bb _builder_version=\u00a0\u00bb4.6.5&Prime; text_font=\u00a0\u00bb||||||||\u00a0\u00bb text_font_size=\u00a0\u00bb16px\u00a0\u00bb text_line_height=\u00a0\u00bb1.8em\u00a0\u00bb header_font=\u00a0\u00bb||||||||\u00a0\u00bb header_2_font=\u00a0\u00bbMontserrat|700|||||||\u00a0\u00bb header_2_font_size=\u00a0\u00bb40px\u00a0\u00bb header_2_line_height=\u00a0\u00bb1.4em\u00a0\u00bb module_alignment=\u00a0\u00bbleft\u00a0\u00bb custom_margin=\u00a0\u00bb|||\u00a0\u00bb module_alignment_tablet=\u00a0\u00bbcenter\u00a0\u00bb module_alignment_phone=\u00a0\u00bbcenter\u00a0\u00bb module_alignment_last_edited=\u00a0\u00bbon|phone\u00a0\u00bb locked=\u00a0\u00bboff\u00a0\u00bb]\n<p style=\"text-align: justify;\"><span>Nos services sont flexibles et le reste est assur\u00e9.<span>\u00a0<\/span><\/span><span>Par cons\u00e9quent, vous n&rsquo;avez pas besoin de r\u00e9fl\u00e9chir \u00e0 deux fois avant de nous contacter et de vous renseigner sur nos services offerts.\u00a0<\/span><\/p>\n[\/et_pb_text][\/et_pb_column][\/et_pb_row][et_pb_row _builder_version=\u00a0\u00bb4.6.5&Prime; _module_preset=\u00a0\u00bbdefault\u00a0\u00bb custom_padding=\u00a0\u00bb||104px|||\u00a0\u00bb global_module=\u00a0\u00bb1546&Prime; saved_tabs=\u00a0\u00bball\u00a0\u00bb][et_pb_column type=\u00a0\u00bb4_4&Prime; _builder_version=\u00a0\u00bb4.6.5&Prime; _module_preset=\u00a0\u00bbdefault\u00a0\u00bb][et_pb_text _builder_version=\u00a0\u00bb4.6.5&Prime; _module_preset=\u00a0\u00bbdefault\u00a0\u00bb text_font=\u00a0\u00bb|800|||||||\u00a0\u00bb text_text_color=\u00a0\u00bb#000000&Prime; text_font_size=\u00a0\u00bb20px\u00a0\u00bb]\n<p style=\"text-align: center;\">Contactez-nous pour parler de votre superbe projet.<\/p>\n<p style=\"text-align: center;\">Une petite discussion rapide!<\/p>\n[\/et_pb_text][et_pb_image src=\u00a0\u00bbhttps:\/\/mcmarketing360.ca\/wp-content\/uploads\/2020\/11\/ask-for-a-free-web-design-quote.png\u00a0\u00bb alt=\u00a0\u00bbask-for-a-free-web-design-quote\u00a0\u00bb title_text=\u00a0\u00bbask-for-a-free-web-design-quote\u00a0\u00bb align=\u00a0\u00bbcenter\u00a0\u00bb _builder_version=\u00a0\u00bb4.6.5&Prime; _module_preset=\u00a0\u00bbdefault\u00a0\u00bb module_alignment=\u00a0\u00bbcenter\u00a0\u00bb animation_style=\u00a0\u00bbslide\u00a0\u00bb animation_direction=\u00a0\u00bbtop\u00a0\u00bb animation_duration=\u00a0\u00bb2000ms\u00a0\u00bb animation_repeat=\u00a0\u00bbloop\u00a0\u00bb][\/et_pb_image][\/et_pb_column][\/et_pb_row][\/et_pb_section]\n","protected":false},"excerpt":{"rendered":"<p>GRAPHISME \u00c0 MONTR\u00c9ALMontr\u00e9al Design GraphiqueWeb Design Montr\u00e9al 360\u00a0\u00a0offre plus de services qu&rsquo;un simple site Web.\u00a0Les services comprennent des outils de marketing, l&rsquo;h\u00e9bergement et bien d&rsquo;autres!\u00a0Si vous \u00eates une personne qui a h\u00e2te de faire conception d&rsquo;un site Internet, vous devrez penser \u00e0 porter une attention particuli\u00e8re aux graphiques.\u00a0C&rsquo;est l\u00e0 que les graphistes montr\u00e9alais peuvent vous [&hellip;]<\/p>\n","protected":false},"author":6,"featured_media":0,"parent":0,"menu_order":0,"comment_status":"closed","ping_status":"closed","template":"","meta":{"_et_pb_use_builder":"on","_et_pb_old_content":"","_et_gb_content_width":"","footnotes":""},"class_list":["post-425","page","type-page","status-publish","hentry"],"jetpack_sharing_enabled":true,"_links":{"self":[{"href":"https:\/\/mcmarketing360.ca\/fr\/wp-json\/wp\/v2\/pages\/425","targetHints":{"allow":["GET"]}}],"collection":[{"href":"https:\/\/mcmarketing360.ca\/fr\/wp-json\/wp\/v2\/pages"}],"about":[{"href":"https:\/\/mcmarketing360.ca\/fr\/wp-json\/wp\/v2\/types\/page"}],"author":[{"embeddable":true,"href":"https:\/\/mcmarketing360.ca\/fr\/wp-json\/wp\/v2\/users\/6"}],"replies":[{"embeddable":true,"href":"https:\/\/mcmarketing360.ca\/fr\/wp-json\/wp\/v2\/comments?post=425"}],"version-history":[{"count":0,"href":"https:\/\/mcmarketing360.ca\/fr\/wp-json\/wp\/v2\/pages\/425\/revisions"}],"wp:attachment":[{"href":"https:\/\/mcmarketing360.ca\/fr\/wp-json\/wp\/v2\/media?parent=425"}],"curies":[{"name":"wp","href":"https:\/\/api.w.org\/{rel}","templated":true}]}}