{"id":419,"date":"2019-12-17T19:25:13","date_gmt":"2019-12-17T19:25:13","guid":{"rendered":"https:\/\/webdesignmontreal.co\/?page_id=419"},"modified":"2019-12-17T19:25:13","modified_gmt":"2019-12-17T19:25:13","slug":"creation-de-contenu-redaction","status":"publish","type":"page","link":"https:\/\/mcmarketing360.ca\/fr\/creation-de-contenu-redaction\/","title":{"rendered":"Cr\u00e9ation de contenu \/ r\u00e9daction"},"content":{"rendered":"[et_pb_section fb_built=\u00a0\u00bb1&Prime; custom_padding_last_edited=\u00a0\u00bbon|phone\u00a0\u00bb admin_label=\u00a0\u00bbHero Section\u00a0\u00bb _builder_version=\u00a0\u00bb4.6.5&Prime; background_color=\u00a0\u00bb#3644af\u00a0\u00bb use_background_color_gradient=\u00a0\u00bbon\u00a0\u00bb background_color_gradient_start=\u00a0\u00bbrgba(1,114,140,0.46)\u00a0\u00bb background_color_gradient_end=\u00a0\u00bbrgba(25,131,147,0.47)\u00a0\u00bb background_color_gradient_overlays_image=\u00a0\u00bbon\u00a0\u00bb background_image=\u00a0\u00bbhttps:\/\/mcmarketing360.ca\/wp-content\/uploads\/2020\/11\/team-designing-a-new-website-10.jpg\u00a0\u00bb custom_padding=\u00a0\u00bb100px|0px|100px|0px\u00a0\u00bb custom_padding_tablet=\u00a0\u00bb75px||75px||true|false\u00a0\u00bb custom_padding_phone=\u00a0\u00bb44px||44px||true|false\u00a0\u00bb locked=\u00a0\u00bboff\u00a0\u00bb][et_pb_row _builder_version=\u00a0\u00bb3.25&Prime; custom_padding=\u00a0\u00bb|||\u00a0\u00bb animation_style=\u00a0\u00bbslide\u00a0\u00bb animation_direction=\u00a0\u00bbbottom\u00a0\u00bb animation_intensity_slide=\u00a0\u00bb10%\u00a0\u00bb hover_enabled=\u00a0\u00bb0&Prime; sticky_enabled=\u00a0\u00bb0&Prime;][et_pb_column type=\u00a0\u00bb4_4&Prime; _builder_version=\u00a0\u00bb3.25&Prime; custom_padding=\u00a0\u00bb|||\u00a0\u00bb custom_padding__hover=\u00a0\u00bb|||\u00a0\u00bb][et_pb_text admin_label=\u00a0\u00bbTitle and subhead\u00a0\u00bb _builder_version=\u00a0\u00bb4.6.5&Prime; text_font=\u00a0\u00bbUbuntu||||||||\u00a0\u00bb text_font_size=\u00a0\u00bb16px\u00a0\u00bb text_line_height=\u00a0\u00bb1.8em\u00a0\u00bb header_font=\u00a0\u00bbMontserrat|700||on|||||\u00a0\u00bb header_text_color=\u00a0\u00bb#ffffff\u00a0\u00bb header_font_size=\u00a0\u00bb46px\u00a0\u00bb header_line_height=\u00a0\u00bb1.4em\u00a0\u00bb header_2_font=\u00a0\u00bb||||||||\u00a0\u00bb text_orientation=\u00a0\u00bbcenter\u00a0\u00bb max_width=\u00a0\u00bb1200px\u00a0\u00bb module_alignment=\u00a0\u00bbcenter\u00a0\u00bb hover_enabled=\u00a0\u00bb0&Prime; header_font_size_tablet=\u00a0\u00bb36px\u00a0\u00bb header_font_size_phone=\u00a0\u00bb26px\u00a0\u00bb header_font_size_last_edited=\u00a0\u00bbon|phone\u00a0\u00bb locked=\u00a0\u00bboff\u00a0\u00bb sticky_enabled=\u00a0\u00bb0&Prime;]\n<h1>CR\u00c9ATION DE CONTENU WEB<\/h1>\n[\/et_pb_text][\/et_pb_column][\/et_pb_row][\/et_pb_section][et_pb_section fb_built=\u00a0\u00bb1&Prime; admin_label=\u00a0\u00bbPricing Tables Section\u00a0\u00bb _builder_version=\u00a0\u00bb4.6.5&Prime; custom_padding=\u00a0\u00bb80px|0px|80px|0px|true|false\u00a0\u00bb][et_pb_row column_structure=\u00a0\u00bb1_2,1_2&Prime; admin_label=\u00a0\u00bbPrices\u00a0\u00bb _builder_version=\u00a0\u00bb4.6.5&Prime; max_width=\u00a0\u00bb1200px\u00a0\u00bb][et_pb_column type=\u00a0\u00bb1_2&Prime; _builder_version=\u00a0\u00bb3.25&Prime; custom_padding=\u00a0\u00bb|||\u00a0\u00bb custom_padding__hover=\u00a0\u00bb|||\u00a0\u00bb][et_pb_image src=\u00a0\u00bbhttps:\/\/mcmarketing360.ca\/wp-content\/uploads\/2020\/11\/website-copywriting-montreal-service-1.jpeg\u00a0\u00bb alt=\u00a0\u00bbwebsite-content-creation-copywriting-montreal\u00a0\u00bb title_text=\u00a0\u00bbwebsite-copywriting-montreal-service\u00a0\u00bb _builder_version=\u00a0\u00bb4.6.5&Prime; _module_preset=\u00a0\u00bbdefault\u00a0\u00bb module_alignment=\u00a0\u00bbright\u00a0\u00bb module_alignment_tablet=\u00a0\u00bbcenter\u00a0\u00bb module_alignment_phone=\u00a0\u00bbcenter\u00a0\u00bb module_alignment_last_edited=\u00a0\u00bbon|phone\u00a0\u00bb][\/et_pb_image][\/et_pb_column][et_pb_column type=\u00a0\u00bb1_2&Prime; _builder_version=\u00a0\u00bb3.25&Prime; custom_padding=\u00a0\u00bb|||\u00a0\u00bb custom_padding__hover=\u00a0\u00bb|||\u00a0\u00bb][et_pb_text _builder_version=\u00a0\u00bb4.6.5&Prime; _module_preset=\u00a0\u00bbdefault\u00a0\u00bb text_font=\u00a0\u00bb||||||||\u00a0\u00bb text_font_size=\u00a0\u00bb16px\u00a0\u00bb text_line_height=\u00a0\u00bb1.8em\u00a0\u00bb header_font=\u00a0\u00bb||||||||\u00a0\u00bb header_2_font=\u00a0\u00bbMontserrat|700||on|||||\u00a0\u00bb header_2_font_size=\u00a0\u00bb40px\u00a0\u00bb max_width=\u00a0\u00bb500px\u00a0\u00bb module_alignment=\u00a0\u00bbleft\u00a0\u00bb custom_margin=\u00a0\u00bb6px||||false|false\u00a0\u00bb custom_margin_tablet=\u00a0\u00bb\u00a0\u00bb custom_margin_phone=\u00a0\u00bb2px||||false|false\u00a0\u00bb custom_margin_last_edited=\u00a0\u00bbon|phone\u00a0\u00bb hover_enabled=\u00a0\u00bb0&Prime; module_alignment_tablet=\u00a0\u00bbcenter\u00a0\u00bb module_alignment_phone=\u00a0\u00bbleft\u00a0\u00bb module_alignment_last_edited=\u00a0\u00bbon|phone\u00a0\u00bb sticky_enabled=\u00a0\u00bb0&Prime;]\n<h2><span style=\"font-size: 66%; color: #acacac;\">LA R\u00c9DACTION<\/span><br \/> DE CONTENU WEB<\/h2>\n[\/et_pb_text][et_pb_text _builder_version=\u00a0\u00bb4.6.5&Prime; _module_preset=\u00a0\u00bbdefault\u00a0\u00bb text_font=\u00a0\u00bb||||||||\u00a0\u00bb text_font_size=\u00a0\u00bb16px\u00a0\u00bb text_line_height=\u00a0\u00bb1.8em\u00a0\u00bb header_font=\u00a0\u00bb||||||||\u00a0\u00bb header_2_font=\u00a0\u00bbMontserrat|700||on|||||\u00a0\u00bb header_2_font_size=\u00a0\u00bb40px\u00a0\u00bb header_2_line_height=\u00a0\u00bb1.4em\u00a0\u00bb module_alignment=\u00a0\u00bbleft\u00a0\u00bb custom_margin=\u00a0\u00bb|||\u00a0\u00bb hover_enabled=\u00a0\u00bb0&Prime; sticky_enabled=\u00a0\u00bb0&Prime;]\n<p style=\"text-align: justify;\"><span>Vous entammez un projet de <a href=\"https:\/\/mcmarketing360.ca\/fr\/conception-site-web\/\">conception de site web \u00e0 Montr\u00e9al<\/a>, mais vous n&rsquo;avez pas de contenu?<span>\u00a0<\/span>Le contenu occupe une place de choix parmi eux.<span>\u00a0<\/span>Nous pouvons offrir le service de cr\u00e9ation de contenu indispensable dont votre site Web a besoin.<span>\u00a0<\/span>Vos besoins en conception de site Web sont tous couverts par<span>\u00a0<\/span>Web Design Montr\u00e9al 360<span>\u00a0<\/span>.<\/span><span>\u00a0<\/span><strong><span><\/span><\/strong><span><\/span><\/p>\n<p style=\"text-align: justify;\"><span>Le d\u00e9veloppement d&rsquo;Internet et de la technologie a tout mis en ligne.<span>\u00a0<\/span>Les gens qui vivent aux quatre coins du monde utilisent Internet pour la plupart de leurs activit\u00e9s quotidiennes.<span>\u00a0<\/span>Cela a cr\u00e9\u00e9 une excellente plateforme permettant aux propri\u00e9taires de mettre leurs entreprises en ligne.<span>\u00a0<\/span>Cependant, la concurrence est rude entre les entreprises qui proposent des produits similaires.<span>\u00a0<\/span>C&rsquo;est la raison principale pour laquelle vous devriez vous concentrer davantage sur les strat\u00e9gies de r\u00e9f\u00e9rencement.<\/span><\/p>\n[\/et_pb_text][\/et_pb_column][\/et_pb_row][\/et_pb_section][et_pb_section fb_built=\u00a0\u00bb1&Prime; admin_label=\u00a0\u00bbFeature Details\u00a0\u00bb _builder_version=\u00a0\u00bb3.22&Prime; background_color=\u00a0\u00bb#2A3443&Prime; custom_padding=\u00a0\u00bb|||\u00a0\u00bb][et_pb_row column_structure=\u00a0\u00bb1_2,1_2&Prime; _builder_version=\u00a0\u00bb4.6.5&Prime; max_width=\u00a0\u00bb1200px\u00a0\u00bb][et_pb_column type=\u00a0\u00bb1_2&Prime; _builder_version=\u00a0\u00bb4.6.5&Prime; custom_padding=\u00a0\u00bb||||false|false\u00a0\u00bb custom_padding__hover=\u00a0\u00bb|||\u00a0\u00bb][et_pb_text _builder_version=\u00a0\u00bb4.6.5&Prime; _module_preset=\u00a0\u00bbdefault\u00a0\u00bb text_font=\u00a0\u00bb||||||||\u00a0\u00bb text_text_color=\u00a0\u00bbrgba(255,255,255,0.7)\u00a0\u00bb text_font_size=\u00a0\u00bb16px\u00a0\u00bb text_line_height=\u00a0\u00bb1.8em\u00a0\u00bb header_font=\u00a0\u00bb||||||||\u00a0\u00bb header_2_font=\u00a0\u00bbMontserrat|700||on|||||\u00a0\u00bb header_2_font_size=\u00a0\u00bb40px\u00a0\u00bb background_layout=\u00a0\u00bbdark\u00a0\u00bb module_alignment=\u00a0\u00bbright\u00a0\u00bb custom_margin=\u00a0\u00bb||||false|false\u00a0\u00bb hover_enabled=\u00a0\u00bb0&Prime; module_alignment_tablet=\u00a0\u00bbcenter\u00a0\u00bb module_alignment_phone=\u00a0\u00bbcenter\u00a0\u00bb module_alignment_last_edited=\u00a0\u00bbon|desktop\u00a0\u00bb sticky_enabled=\u00a0\u00bb0&Prime;]\n<h2 style=\"text-align: right;\"><span style=\"font-size: 66%; color: #acacac;\">Le contenu<\/span><br \/> est roi<\/h2>\n[\/et_pb_text][et_pb_text admin_label=\u00a0\u00bbTitle\u00a0\u00bb _builder_version=\u00a0\u00bb4.6.5&Prime; text_font=\u00a0\u00bb||||||||\u00a0\u00bb text_text_color=\u00a0\u00bbrgba(255,255,255,0.7)\u00a0\u00bb text_font_size=\u00a0\u00bb16px\u00a0\u00bb text_line_height=\u00a0\u00bb1.8em\u00a0\u00bb header_font=\u00a0\u00bb||||||||\u00a0\u00bb header_2_font=\u00a0\u00bbMontserrat|700||on|||||\u00a0\u00bb header_2_font_size=\u00a0\u00bb40px\u00a0\u00bb header_2_line_height=\u00a0\u00bb1.4em\u00a0\u00bb background_layout=\u00a0\u00bbdark\u00a0\u00bb module_alignment=\u00a0\u00bbright\u00a0\u00bb custom_margin=\u00a0\u00bb||||false|false\u00a0\u00bb hover_enabled=\u00a0\u00bb0&Prime; module_alignment_tablet=\u00a0\u00bbcenter\u00a0\u00bb module_alignment_phone=\u00a0\u00bbcenter\u00a0\u00bb module_alignment_last_edited=\u00a0\u00bbon|desktop\u00a0\u00bb locked=\u00a0\u00bboff\u00a0\u00bb sticky_enabled=\u00a0\u00bb0&Prime;]\n<p style=\"text-align: justify;\"><span><span>De nombreux experts en r\u00e9f\u00e9rencement sont d&rsquo;accord avec le fait que \u00able contenu est roi\u00bb pour une meilleure optimisation.<span>\u00a0<\/span><\/span>Tous les propri\u00e9taires de sites Web doivent accorder une attention particuli\u00e8re \u00e0 ce fait et prendre les mesures n\u00e9cessaires pour avoir un contenu informatif et unique sur leur site Web.<span>\u00a0<\/span>Cependant, il existe plusieurs confusions erron\u00e9es entre les backlinks et le contenu.<span>\u00a0<\/span>Certaines personnes pensent qu&rsquo;avoir des backlinks de qualit\u00e9 est la meilleure source pour obtenir un bon classement de page, tandis que d&rsquo;autres croient en un contenu de qualit\u00e9.<\/span><\/p>\n<p style=\"text-align: justify;\"><span>\u00c0 partir de cet article, je vais partager certains des faits prouv\u00e9s sur ce qui est le mieux pour faire appara\u00eetre votre site Web dans les r\u00e9sultats des moteurs de recherche.<span>\u00a0<\/span>Pour vous assurer que votre site Web appara\u00eet en haut des classements des moteurs de recherche, vous devrez jeter un coup d&rsquo;\u0153il au service de r\u00e9daction de sites Web \u00e0 Montr\u00e9al.<span>\u00a0<\/span>Nos services de r\u00e9daction vous impressionneraient certainement.<\/span><\/p>\n[\/et_pb_text][\/et_pb_column][et_pb_column type=\u00a0\u00bb1_2&Prime; _builder_version=\u00a0\u00bb4.6.5&Prime; custom_padding=\u00a0\u00bb|||\u00a0\u00bb custom_padding__hover=\u00a0\u00bb|||\u00a0\u00bb][et_pb_image src=\u00a0\u00bbhttps:\/\/mcmarketing360.ca\/wp-content\/uploads\/2020\/10\/seo-specialist-optimizing-a-website.jpg\u00a0\u00bb title_text=\u00a0\u00bbseo-specialist-optimizing-a-website\u00a0\u00bb align_tablet=\u00a0\u00bbcenter\u00a0\u00bb align_phone=\u00a0\u00bb\u00a0\u00bb align_last_edited=\u00a0\u00bbon|desktop\u00a0\u00bb _builder_version=\u00a0\u00bb4.6.5&Prime; module_alignment=\u00a0\u00bbleft\u00a0\u00bb animation_style=\u00a0\u00bbslide\u00a0\u00bb animation_direction=\u00a0\u00bbright\u00a0\u00bb animation_intensity_slide=\u00a0\u00bb10%\u00a0\u00bb module_alignment_tablet=\u00a0\u00bbcenter\u00a0\u00bb module_alignment_phone=\u00a0\u00bbcenter\u00a0\u00bb module_alignment_last_edited=\u00a0\u00bbon|phone\u00a0\u00bb][\/et_pb_image][\/et_pb_column][\/et_pb_row][\/et_pb_section][et_pb_section fb_built=\u00a0\u00bb1&Prime; custom_padding_last_edited=\u00a0\u00bbon|tablet\u00a0\u00bb admin_label=\u00a0\u00bbFeature Details\u00a0\u00bb _builder_version=\u00a0\u00bb4.6.5&Prime; background_color=\u00a0\u00bb#0DA2BF\u00a0\u00bb module_alignment=\u00a0\u00bbcenter\u00a0\u00bb custom_padding=\u00a0\u00bb65px||65px||true|false\u00a0\u00bb custom_padding_tablet=\u00a0\u00bb\u00a0\u00bb custom_padding_phone=\u00a0\u00bb\u00a0\u00bb module_alignment_tablet=\u00a0\u00bbcenter\u00a0\u00bb module_alignment_phone=\u00a0\u00bbcenter\u00a0\u00bb module_alignment_last_edited=\u00a0\u00bbon|desktop\u00a0\u00bb][et_pb_row column_structure=\u00a0\u00bb1_2,1_2&Prime; admin_label=\u00a0\u00bbPrices\u00a0\u00bb _builder_version=\u00a0\u00bb4.6.5&Prime; max_width=\u00a0\u00bb1200px\u00a0\u00bb][et_pb_column type=\u00a0\u00bb1_2&Prime; _builder_version=\u00a0\u00bb3.25&Prime; custom_padding=\u00a0\u00bb|||\u00a0\u00bb custom_padding__hover=\u00a0\u00bb|||\u00a0\u00bb][et_pb_image src=\u00a0\u00bbhttps:\/\/mcmarketing360.ca\/wp-content\/uploads\/2020\/10\/web-designer-adding-more-content-to-a-website-in-the-montreal-office.jpg\u00a0\u00bb title_text=\u00a0\u00bbweb-designer-adding-more-content-to-a-website-in-the-montreal-office\u00a0\u00bb align_tablet=\u00a0\u00bbcenter\u00a0\u00bb align_phone=\u00a0\u00bb\u00a0\u00bb align_last_edited=\u00a0\u00bbon|desktop\u00a0\u00bb _builder_version=\u00a0\u00bb4.6.5&Prime; max_width=\u00a0\u00bb1200px\u00a0\u00bb][\/et_pb_image][\/et_pb_column][et_pb_column type=\u00a0\u00bb1_2&Prime; _builder_version=\u00a0\u00bb3.25&Prime; custom_padding=\u00a0\u00bb|||\u00a0\u00bb custom_padding__hover=\u00a0\u00bb|||\u00a0\u00bb][et_pb_text _builder_version=\u00a0\u00bb4.6.5&Prime; _module_preset=\u00a0\u00bbdefault\u00a0\u00bb text_font=\u00a0\u00bb||||||||\u00a0\u00bb text_text_color=\u00a0\u00bbrgba(255,255,255,0.7)\u00a0\u00bb text_font_size=\u00a0\u00bb16px\u00a0\u00bb text_line_height=\u00a0\u00bb1.8em\u00a0\u00bb header_font=\u00a0\u00bb||||||||\u00a0\u00bb header_2_font=\u00a0\u00bbMontserrat|700||on|||||\u00a0\u00bb header_2_font_size=\u00a0\u00bb40px\u00a0\u00bb background_layout=\u00a0\u00bbdark\u00a0\u00bb module_alignment=\u00a0\u00bbright\u00a0\u00bb custom_margin=\u00a0\u00bb||||false|false\u00a0\u00bb hover_enabled=\u00a0\u00bb0&Prime; module_alignment_tablet=\u00a0\u00bbcenter\u00a0\u00bb module_alignment_phone=\u00a0\u00bbcenter\u00a0\u00bb module_alignment_last_edited=\u00a0\u00bbon|desktop\u00a0\u00bb sticky_enabled=\u00a0\u00bb0&Prime;]\n<h2 style=\"text-align: left;\"><span style=\"font-size: 66%; color: #acacac;\">CONTENU POUR<\/span><br \/>\nVOTRE SITE WEB<\/h2>\n[\/et_pb_text][et_pb_text admin_label=\u00a0\u00bbTitle\u00a0\u00bb _builder_version=\u00a0\u00bb4.6.5&Prime; text_font=\u00a0\u00bb||||||||\u00a0\u00bb text_text_color=\u00a0\u00bb#ffffff\u00a0\u00bb text_font_size=\u00a0\u00bb16px\u00a0\u00bb text_line_height=\u00a0\u00bb1.8em\u00a0\u00bb header_font=\u00a0\u00bb||||||||\u00a0\u00bb header_2_font=\u00a0\u00bbMontserrat|700|||||||\u00a0\u00bb header_2_font_size=\u00a0\u00bb40px\u00a0\u00bb header_2_line_height=\u00a0\u00bb1.4em\u00a0\u00bb background_layout=\u00a0\u00bbdark\u00a0\u00bb module_alignment=\u00a0\u00bbleft\u00a0\u00bb custom_margin=\u00a0\u00bb||||false|false\u00a0\u00bb hover_enabled=\u00a0\u00bb0&Prime; module_alignment_tablet=\u00a0\u00bbcenter\u00a0\u00bb module_alignment_phone=\u00a0\u00bbcenter\u00a0\u00bb module_alignment_last_edited=\u00a0\u00bbon|phone\u00a0\u00bb locked=\u00a0\u00bboff\u00a0\u00bb sticky_enabled=\u00a0\u00bb0&Prime;]\n<p style=\"text-align: justify;\"><span>Le contenu est d\u00e9finitivement le roi des activit\u00e9s de r\u00e9f\u00e9rencement, tandis que les backlinks sont reine.<span>\u00a0<\/span>L&rsquo;objectif principal d&rsquo;obtenir des backlinks est d&rsquo;augmenter le rang de page de votre site Web.<span>\u00a0<\/span>Mais le contenu peut aider votre site Web \u00e0 obtenir un meilleur classement.<span>\u00a0<\/span>Par cons\u00e9quent, il doit \u00eatre sauvegard\u00e9 avec d&rsquo;autres aspects tels que les en-t\u00eates, les mots-cl\u00e9s, les backlinks, etc.<\/span><\/p>\n<p style=\"text-align: justify;\"><span>D&rsquo;apr\u00e8s les recherches, il a \u00e9t\u00e9 identifi\u00e9 que plus de 80% des nouveaux visiteurs qui viennent sur un site Web particulier proviennent des r\u00e9sultats des moteurs de recherche.<span>\u00a0<\/span>Avoir un contenu de qualit\u00e9 sur votre site Web peut vous aider \u00e0 obtenir un classement \u00e9lev\u00e9 dans la page de r\u00e9sultats des moteurs de recherche, tandis que les backlinks fournissent un meilleur classement de page.<span>\u00a0<\/span>Le contenu que vous pouvez voir dans la page de r\u00e9sultats des moteurs de recherche peut \u00eatre divis\u00e9 en trois cat\u00e9gories principales.\u00a0<\/span><\/p>\n[\/et_pb_text][\/et_pb_column][\/et_pb_row][\/et_pb_section][et_pb_section fb_built=\u00a0\u00bb1&Prime; admin_label=\u00a0\u00bbFeature\u00a0\u00bb _builder_version=\u00a0\u00bb4.6.5&Prime; custom_padding=\u00a0\u00bb80px|0px|80px|0px|true|false\u00a0\u00bb][et_pb_row column_structure=\u00a0\u00bb1_2,1_2&Prime; _builder_version=\u00a0\u00bb4.6.5&Prime; max_width=\u00a0\u00bb1200px\u00a0\u00bb hover_enabled=\u00a0\u00bb0&Prime; sticky_enabled=\u00a0\u00bb0&Prime;][et_pb_column type=\u00a0\u00bb1_2&Prime; _builder_version=\u00a0\u00bb3.25&Prime; custom_padding=\u00a0\u00bb|||\u00a0\u00bb custom_padding__hover=\u00a0\u00bb|||\u00a0\u00bb][et_pb_text admin_label=\u00a0\u00bbTitle\u00a0\u00bb _builder_version=\u00a0\u00bb4.6.5&Prime; text_font=\u00a0\u00bb||||||||\u00a0\u00bb text_font_size=\u00a0\u00bb16px\u00a0\u00bb text_line_height=\u00a0\u00bb1.8em\u00a0\u00bb header_font=\u00a0\u00bb||||||||\u00a0\u00bb header_2_font=\u00a0\u00bbMontserrat|700|||||||\u00a0\u00bb header_2_font_size=\u00a0\u00bb40px\u00a0\u00bb header_2_line_height=\u00a0\u00bb1.4em\u00a0\u00bb module_alignment=\u00a0\u00bbleft\u00a0\u00bb custom_margin=\u00a0\u00bb|||\u00a0\u00bb hover_enabled=\u00a0\u00bb0&Prime; module_alignment_tablet=\u00a0\u00bbcenter\u00a0\u00bb module_alignment_phone=\u00a0\u00bbcenter\u00a0\u00bb module_alignment_last_edited=\u00a0\u00bbon|phone\u00a0\u00bb locked=\u00a0\u00bboff\u00a0\u00bb sticky_enabled=\u00a0\u00bb0&Prime;]\n<p style=\"text-align: justify;\"><span>Ils sont le lien vers le site Web, le titre du site Web et une petite tromperie sur ce site Web.<span>\u00a0<\/span>L&rsquo;algorithme de Google donne une priorit\u00e9 suppl\u00e9mentaire au contenu lors de la liste de ces sites Web dans leurs r\u00e9sultats de recherche.<span>\u00a0<\/span>C&rsquo;est la raison de l&rsquo;existence de sites Web qui apparaissent en bonne place dans les r\u00e9sultats des moteurs de recherche, m\u00eame s&rsquo;ils ont un faible rang de page.<span>\u00a0<\/span>C&rsquo;est l\u00e0 que le marketing web Montr\u00e9al et son service de cr\u00e9ation de contenu peuvent vous aider.<\/span><\/p>\n<p style=\"text-align: justify;\"><span>Si vous vous concentrez sur les strat\u00e9gies de r\u00e9f\u00e9rencement ces jours-ci, vous devez consid\u00e9rer le r\u00e9f\u00e9rencement comme un jeu d&rsquo;\u00e9checs.<span>\u00a0<\/span>Le contenu joue le r\u00f4le du roi.<span>\u00a0<\/span>Mais il doit \u00eatre prot\u00e9g\u00e9 avec d&rsquo;autres joueurs comme les mots cl\u00e9s, les backlinks, les balises et AdWords.<span>\u00a0<\/span>Vous devez obtenir l&rsquo;aide d&rsquo;un expert SEO professionnel afin de maintenir le bon \u00e9quilibre entre eux.<span>\u00a0<\/span><\/span><\/p>\n[\/et_pb_text][\/et_pb_column][et_pb_column type=\u00a0\u00bb1_2&Prime; _builder_version=\u00a0\u00bb3.25&Prime; custom_padding=\u00a0\u00bb|||\u00a0\u00bb custom_padding__hover=\u00a0\u00bb|||\u00a0\u00bb][et_pb_text admin_label=\u00a0\u00bbTitle\u00a0\u00bb _builder_version=\u00a0\u00bb4.6.5&Prime; text_font=\u00a0\u00bb||||||||\u00a0\u00bb text_font_size=\u00a0\u00bb16px\u00a0\u00bb text_line_height=\u00a0\u00bb1.8em\u00a0\u00bb header_font=\u00a0\u00bb||||||||\u00a0\u00bb header_2_font=\u00a0\u00bbMontserrat|700|||||||\u00a0\u00bb header_2_font_size=\u00a0\u00bb40px\u00a0\u00bb header_2_line_height=\u00a0\u00bb1.4em\u00a0\u00bb module_alignment=\u00a0\u00bbleft\u00a0\u00bb custom_margin=\u00a0\u00bb|||\u00a0\u00bb hover_enabled=\u00a0\u00bb0&Prime; module_alignment_tablet=\u00a0\u00bbcenter\u00a0\u00bb module_alignment_phone=\u00a0\u00bbcenter\u00a0\u00bb module_alignment_last_edited=\u00a0\u00bbon|phone\u00a0\u00bb locked=\u00a0\u00bboff\u00a0\u00bb sticky_enabled=\u00a0\u00bb0&Prime;]\n<p style=\"text-align: justify;\"><span>Cela vous aidera \u00e0 faire appara\u00eetre votre site Web dans la page de r\u00e9sultats des moteurs de recherche tout en augmentant le classement de la page.<\/span><\/p>\n<p style=\"text-align: justify;\"><span>Les efforts que vous d\u00e9ployez sur ces aspects seront un excellent investissement pour l&rsquo;avenir de votre site Web.<\/span><\/p>\n<p style=\"text-align: justify;\"><span>Obtenez notre service de r\u00e9daction de contenu de site Web \u00e0 Montr\u00e9al et vous ne serez jamais d\u00e9\u00e7u.<\/span><\/p>\n<p style=\"text-align: justify;\"><span>Stockez des images pour rendre le site Web plus attrayant<\/span><\/p>\n<p style=\"text-align: justify;\"><span>Si vous n&rsquo;avez pas de photos d&rsquo;archives \u00e0 afficher sur le site, vous devrez nous contacter \u00e0 marketing web Montr\u00e9al et faire mettre \u00e0 jour votre contenu.<\/span><\/p>\n[\/et_pb_text][\/et_pb_column][\/et_pb_row][et_pb_row _builder_version=\u00a0\u00bb4.6.5&Prime; _module_preset=\u00a0\u00bbdefault\u00a0\u00bb][et_pb_column type=\u00a0\u00bb4_4&Prime; _builder_version=\u00a0\u00bb4.6.5&Prime; _module_preset=\u00a0\u00bbdefault\u00a0\u00bb][et_pb_text _builder_version=\u00a0\u00bb4.6.5&Prime; _module_preset=\u00a0\u00bbdefault\u00a0\u00bb text_font=\u00a0\u00bb|800|||||||\u00a0\u00bb text_text_color=\u00a0\u00bb#000000&Prime; text_font_size=\u00a0\u00bb20px\u00a0\u00bb]\n<p style=\"text-align: center;\">\n<p style=\"text-align: center;\">Contact us to talk about your awesome project.<\/p>\n<p style=\"text-align: center;\">Let&rsquo;s have a quick talk!<\/p>\n<p style=\"text-align: center;\">[\/et_pb_text][et_pb_image src=\u00a0\u00bbhttps:\/\/mcmarketing360.ca\/wp-content\/uploads\/2020\/11\/ask-for-a-free-web-design-quote.png\u00a0\u00bb alt=\u00a0\u00bbask-for-a-free-web-design-quote\u00a0\u00bb title_text=\u00a0\u00bbask-for-a-free-web-design-quote\u00a0\u00bb align=\u00a0\u00bbcenter\u00a0\u00bb _builder_version=\u00a0\u00bb4.6.5&Prime; _module_preset=\u00a0\u00bbdefault\u00a0\u00bb module_alignment=\u00a0\u00bbcenter\u00a0\u00bb animation_style=\u00a0\u00bbslide\u00a0\u00bb animation_direction=\u00a0\u00bbtop\u00a0\u00bb animation_duration=\u00a0\u00bb2000ms\u00a0\u00bb animation_repeat=\u00a0\u00bbloop\u00a0\u00bb][\/et_pb_image][\/et_pb_column][\/et_pb_row][\/et_pb_section]\n","protected":false},"excerpt":{"rendered":"<p>CR\u00c9ATION DE CONTENU WEB LA R\u00c9DACTION DE CONTENU WEB Vous entammez un projet de conception de site web \u00e0 Montr\u00e9al, mais vous n&rsquo;avez pas de contenu?\u00a0Le contenu occupe une place de choix parmi eux.\u00a0Nous pouvons offrir le service de cr\u00e9ation de contenu indispensable dont votre site Web a besoin.\u00a0Vos besoins en conception de site Web [&hellip;]<\/p>\n","protected":false},"author":6,"featured_media":0,"parent":0,"menu_order":0,"comment_status":"closed","ping_status":"closed","template":"","meta":{"_et_pb_use_builder":"on","_et_pb_old_content":"","_et_gb_content_width":"","footnotes":""},"class_list":["post-419","page","type-page","status-publish","hentry"],"jetpack_sharing_enabled":true,"_links":{"self":[{"href":"https:\/\/mcmarketing360.ca\/fr\/wp-json\/wp\/v2\/pages\/419","targetHints":{"allow":["GET"]}}],"collection":[{"href":"https:\/\/mcmarketing360.ca\/fr\/wp-json\/wp\/v2\/pages"}],"about":[{"href":"https:\/\/mcmarketing360.ca\/fr\/wp-json\/wp\/v2\/types\/page"}],"author":[{"embeddable":true,"href":"https:\/\/mcmarketing360.ca\/fr\/wp-json\/wp\/v2\/users\/6"}],"replies":[{"embeddable":true,"href":"https:\/\/mcmarketing360.ca\/fr\/wp-json\/wp\/v2\/comments?post=419"}],"version-history":[{"count":0,"href":"https:\/\/mcmarketing360.ca\/fr\/wp-json\/wp\/v2\/pages\/419\/revisions"}],"wp:attachment":[{"href":"https:\/\/mcmarketing360.ca\/fr\/wp-json\/wp\/v2\/media?parent=419"}],"curies":[{"name":"wp","href":"https:\/\/api.w.org\/{rel}","templated":true}]}}