{"id":215,"date":"2018-05-30T16:34:58","date_gmt":"2018-05-30T16:34:58","guid":{"rendered":"https:\/\/seomontreal.co\/?page_id=215"},"modified":"2018-05-30T16:34:58","modified_gmt":"2018-05-30T16:34:58","slug":"optimisation-de-contenu-seo","status":"publish","type":"page","link":"https:\/\/mcmarketing360.ca\/fr\/services\/optimisation-de-contenu-seo\/","title":{"rendered":"Service de r\u00e9daction de contenu optimis\u00e9 pour le SEO \u00e0 Montr\u00e9al"},"content":{"rendered":"[et_pb_section admin_label=\u00a0\u00bbsection\u00a0\u00bb]\n\t\t\t[et_pb_row admin_label=\u00a0\u00bbrow\u00a0\u00bb]\n\t\t\t\t[et_pb_column type=\u00a0\u00bb4_4&Prime;][et_pb_text admin_label=\u00a0\u00bbText\u00a0\u00bb]\n<p class=\"MsoNormal\"><img loading=\"lazy\" decoding=\"async\" class=\"alignleft size-full wp-image-141\" src=\"https:\/\/mcmarketing360.ca\/wp-content\/uploads\/2018\/03\/seo-optimized-content-writing-montreal.jpg\" alt=\"seo-optimized-content-writing-montreal\" width=\"500\" height=\"488\" title=\"\">Le contenu de tout site Web attire le trafic. Par cons\u00e9quent, des pr\u00e9cautions et des efforts particuliers doivent \u00eatre d\u00e9ploy\u00e9s pour garantir que le contenu d&rsquo;un site Web est unique et qu&rsquo;il contient la bonne combinaison de mots cl\u00e9s \u00e0 afficher en priorit\u00e9 lors d&rsquo;une recherche par un utilisateur. Par cons\u00e9quent, vous devrez songer \u00e0 demander l&rsquo;aide d&rsquo;un service de r\u00e9daction de contenu optimis\u00e9 par SEO \u00e0 Montr\u00e9al pour que votre jeu de contenu soit op\u00e9rationnel.\u00a0 Chez <a href=\"https:\/\/mcmarketing360.ca\/fr\/\">SEO Montreal 360<\/a>, Nous pouvons vous fournir <strong> du contenu SEO optimis\u00e9 <\/strong> pour votre site Web. Gagnez du temps et obtenez les meilleurs r\u00e9sultats pour votre campagne optimis\u00e9e pour les moteurs de recherche.\u00a0<\/p>\n<p class=\"MsoNormal\">Pour atteindre un r\u00e9f\u00e9rencement de haut niveau (SEO), votre site Web devrait avoir le m\u00e9lange parfait dans le contenu \u00e9crit et le bon choix de mots-cl\u00e9s parmi de nombreux autres aspects li\u00e9s \u00e0 \u00eatre l\u00e0 o\u00f9 il devrait \u00eatre lors de la recherche. Une personne qui n&rsquo;a pas d&rsquo;exp\u00e9rience avec <strong> SEO web content writing Montr\u00e9al <\/strong> ne sera pas en mesure de faire ce travail correctement. <\/p>\n<h2 class=\"MsoNormal\">Contenu SEO unique<\/h2>\n<p class=\"MsoNormal\">Le contenu devrait \u00eatre unique et les informations fournies devraient \u00eatre ce qui ne se trouve pas ailleurs sur le m\u00eame sujet. Le contenu unique est roi et serait toujours fier et grand. Cela peut aussi vous aider avec le service de marketing de contenu \u00e0 Montr\u00e9al.<\/p>\n<h3 class=\"MsoNormal\">Abordable<\/h3>\n<p class=\"MsoNormal\">Des tonnes de contenu sont \u00e9crites pour des sites Web aujourd&rsquo;hui par des milliers de r\u00e9dacteurs de contenu et de sites Web cherchant le bon contenu pour apporter l&rsquo;unicit\u00e9 qu&rsquo;ils d\u00e9sirent, doivent \u00e9galement obtenir le <a href=\"https:\/\/searchengineland.com\/complete-guide-optimizing-content-seo-checklist-269884\" target=\"_blank\" rel=\"noopener\">contenu optimis\u00e9 pour le SEO<\/a> \u00e0 un prix abordable. Le prix importe quand vous avez besoin de faire joindre les deux bouts.<\/p>\n<h2 class=\"MsoNormal\">Mots-cl\u00e9s SEO<\/h2>\n<p class=\"MsoNormal\">Choisir les bons mots cl\u00e9s est un talent inh\u00e9rent dont beaucoup d&rsquo;auteurs de contenu peuvent manquer. Les bons mots-cl\u00e9s seraient ce qui apportera \u00e0 votre site Web l&rsquo;attention dont il a besoin en se plongeant dans l&rsquo;esprit du chercheur avant de taper les mots pertinents \u00e0 sa recherche.<\/p>\n<h3 class=\"MsoNormal\">Gain de temps<\/h3>\n<p class=\"MsoNormal\">Le contenu readymade fait gagner du temps, ce qui signifie que plus votre site Web est capable d&rsquo;inclure le bon contenu, plus vite il sera trouv\u00e9 car les chercheurs sont actifs 24 heures sur 24 et 365 jours par an dans tous les coins et recoins du monde.<\/p>\n<h3 class=\"MsoNormal\">Qualit\u00e9 et non pas quantit\u00e9<\/h3>\n<p class=\"MsoNormal\">Le corps de votre contenu peut contenir de nombreuses pages, mais il n&rsquo;attire pas l&rsquo;attention n\u00e9cessaire si la qualit\u00e9 est inf\u00e9rieure \u00e0 la normale, sans les informations appropri\u00e9es ou les bons mots cl\u00e9s. C&rsquo;est ce que vous appelez comme l&rsquo;\u00e9criture de contenu convivial SEO. <\/p>\n<h3 class=\"MsoNormal\">Utile<\/h3>\n<p class=\"MsoNormal\">Le contenu de votre site devrait \u00eatre utile pour le chercheur, ses aspirations au d\u00e9but de sa recherche qui est la principale raison pour laquelle il est sur votre site devraient \u00eatre compl\u00e8tement remplies et sans lui donner aucune raison de vous quitter et de chercher ce dont il a besoin autre part.<\/p>\n<h3 class=\"MsoNormal\">De valeur<\/h3>\n<p class=\"MsoNormal\">The information he has received from your website should be valuable to him and with it, he should have satisfied himself.<\/p>\n<h3 class=\"MsoNormal\">Revenue<\/h3>\n<p class=\"MsoNormal\">Les informations qu&rsquo;il a re\u00e7ues de votre site Web devraient lui \u00eatre utiles et avec lui, il aurait d\u00fb se satisfaire.<\/p>\n<h3 class=\"MsoNormal\">Cinq \u00e9toiles<\/h3>\n<p class=\"MsoNormal\">Il ne fait aucun doute que le contenu de votre site Web doit \u00eatre classe et pour atteindre cet objectif, les r\u00e9dacteurs de contenu qui cr\u00e9ent les id\u00e9es dans le contenu \u00e9crit doivent eux-m\u00eames \u00eatre classe et ce serait la combinaison qui apporterait le succ\u00e8s sur le site.<\/p>\n<p>&nbsp;<\/p>\n<p>Le marketing de contenu est une strat\u00e9gie puissante lorsqu&rsquo;il est correctement int\u00e9gr\u00e9 dans votre campagne de r\u00e9f\u00e9rencement. En savoir plus sur le marketing de contenu dans l&rsquo;article ci-dessous.<\/p>\n<p>\u00bb <a href=\"https:\/\/mcmarketing360.ca\/fr\/marketing-de-contenu-referencement-web\/\">Comment le marketing de contenu peut-il profiter \u00e0 votre entreprise?<\/a><\/p>\n<h3>Services recommand\u00e9s pour obtenir plus de prospects et plus de trafic vers votre site Web<\/h3>\n<p>\u00bb <a href=\"https:\/\/mcmarketing360.ca\/fr\/services\/analyse-seo-recherche-de-mots-cle\/\"><span style=\"text-decoration: underline;\">Analyse approfondie et compl\u00e8te du r\u00e9f\u00e9rencement<\/span><\/a><br \/>\n\u00bb <a href=\"https:\/\/mcmarketing360.ca\/fr\/services\/optimization-sur-site\/\"><span style=\"text-decoration: underline;\">Meilleur r\u00e9f\u00e9rencement sur-site pour booster vos classements<\/span><\/a><br \/>\n\u00bb <a href=\"https:\/\/mcmarketing360.ca\/fr\/services\/optimization-hors-site\/\"><span style=\"text-decoration: underline;\">Optimisation hors-site et cr\u00e9ation de liens<\/span><\/a><br \/>\n\u00bb <a href=\"https:\/\/mcmarketing360.ca\/fr\/services\/referecement-google-maps\/\"><span style=\"text-decoration: underline;\">R\u00e9f\u00e9rencement Google mon entreprise<\/span><\/a><\/p>\n<p>&nbsp;<\/p>\n<p>&nbsp;<\/p>\n<p>&nbsp;<\/p>\n[\/et_pb_text][\/et_pb_column]\n\t\t\t[\/et_pb_row]\n\t\t[\/et_pb_section]\n","protected":false},"excerpt":{"rendered":"<p>Le contenu de tout site Web attire le trafic. Par cons\u00e9quent, des pr\u00e9cautions et des efforts particuliers doivent \u00eatre d\u00e9ploy\u00e9s pour garantir que le contenu d&rsquo;un site Web est unique et qu&rsquo;il contient la bonne combinaison de mots cl\u00e9s \u00e0 afficher en priorit\u00e9 lors d&rsquo;une recherche par un utilisateur. Par cons\u00e9quent, vous devrez songer \u00e0 [&hellip;]<\/p>\n","protected":false},"author":6,"featured_media":141,"parent":207,"menu_order":0,"comment_status":"closed","ping_status":"closed","template":"","meta":{"_et_pb_use_builder":"on","_et_pb_old_content":"<p class=\"MsoNormal\"><img class=\"alignleft size-full wp-image-141\" src=\"https:\/\/mcmarketing360.ca\/wp-content\/uploads\/2018\/03\/seo-optimized-content-writing-montreal.jpg\" alt=\"seo-optimized-content-writing-montreal\" width=\"500\" height=\"488\" \/>Le contenu de tout site Web attire le trafic. Par cons\u00e9quent, des pr\u00e9cautions et des efforts particuliers doivent \u00eatre d\u00e9ploy\u00e9s pour garantir que le contenu d'un site Web est unique et qu'il contient la bonne combinaison de mots cl\u00e9s \u00e0 afficher en priorit\u00e9 lors d'une recherche par un utilisateur. Par cons\u00e9quent, vous devrez songer \u00e0 demander l'aide d'un service de r\u00e9daction de contenu optimis\u00e9 par SEO \u00e0 Montr\u00e9al pour que votre jeu de contenu soit op\u00e9rationnel.\u00a0 Chez <a href=\"https:\/\/mcmarketing360.ca\/fr\/\">SEO Montreal 360<\/a>, Nous pouvons vous fournir <strong> du contenu SEO optimis\u00e9 <\/strong> pour votre site Web. Gagnez du temps et obtenez les meilleurs r\u00e9sultats pour votre campagne optimis\u00e9e pour les moteurs de recherche.\u00a0<\/p>\n\n<p class=\"MsoNormal\">Pour atteindre un r\u00e9f\u00e9rencement de haut niveau (SEO), votre site Web devrait avoir le m\u00e9lange parfait dans le contenu \u00e9crit et le bon choix de mots-cl\u00e9s parmi de nombreux autres aspects li\u00e9s \u00e0 \u00eatre l\u00e0 o\u00f9 il devrait \u00eatre lors de la recherche. Une personne qui n'a pas d'exp\u00e9rience avec <strong> SEO web content writing Montr\u00e9al <\/strong> ne sera pas en mesure de faire ce travail correctement. <\/p>\n\n<h2 class=\"MsoNormal\">Contenu SEO unique<\/h2>\n<p class=\"MsoNormal\">Le contenu devrait \u00eatre unique et les informations fournies devraient \u00eatre ce qui ne se trouve pas ailleurs sur le m\u00eame sujet. Le contenu unique est roi et serait toujours fier et grand. Cela peut aussi vous aider avec le service de marketing de contenu \u00e0 Montr\u00e9al.<\/p>\n\n<h3 class=\"MsoNormal\">Abordable<\/h3>\n<p class=\"MsoNormal\">Des tonnes de contenu sont \u00e9crites pour des sites Web aujourd'hui par des milliers de r\u00e9dacteurs de contenu et de sites Web cherchant le bon contenu pour apporter l'unicit\u00e9 qu'ils d\u00e9sirent, doivent \u00e9galement obtenir le <a href=\"https:\/\/searchengineland.com\/complete-guide-optimizing-content-seo-checklist-269884\" target=\"_blank\" rel=\"noopener\">contenu optimis\u00e9 pour le SEO<\/a> \u00e0 un prix abordable. Le prix importe quand vous avez besoin de faire joindre les deux bouts.<\/p>\n\n<h2 class=\"MsoNormal\">Mots-cl\u00e9s SEO<\/h2>\n<p class=\"MsoNormal\">Choisir les bons mots cl\u00e9s est un talent inh\u00e9rent dont beaucoup d'auteurs de contenu peuvent manquer. Les bons mots-cl\u00e9s seraient ce qui apportera \u00e0 votre site Web l'attention dont il a besoin en se plongeant dans l'esprit du chercheur avant de taper les mots pertinents \u00e0 sa recherche.<\/p>\n\n<h3 class=\"MsoNormal\">Gain de temps<\/h3>\n<p class=\"MsoNormal\">Le contenu readymade fait gagner du temps, ce qui signifie que plus votre site Web est capable d'inclure le bon contenu, plus vite il sera trouv\u00e9 car les chercheurs sont actifs 24 heures sur 24 et 365 jours par an dans tous les coins et recoins du monde.<\/p>\n\n<h3 class=\"MsoNormal\">Qualit\u00e9 et non pas quantit\u00e9<\/h3>\n<p class=\"MsoNormal\">Le corps de votre contenu peut contenir de nombreuses pages, mais il n'attire pas l'attention n\u00e9cessaire si la qualit\u00e9 est inf\u00e9rieure \u00e0 la normale, sans les informations appropri\u00e9es ou les bons mots cl\u00e9s. C'est ce que vous appelez comme l'\u00e9criture de contenu convivial SEO. <\/p>\n\n<h3 class=\"MsoNormal\">Utile<\/h3>\n<p class=\"MsoNormal\">Le contenu de votre site devrait \u00eatre utile pour le chercheur, ses aspirations au d\u00e9but de sa recherche qui est la principale raison pour laquelle il est sur votre site devraient \u00eatre compl\u00e8tement remplies et sans lui donner aucune raison de vous quitter et de chercher ce dont il a besoin autre part.<\/p>\n\n<h3 class=\"MsoNormal\">De valeur<\/h3>\n<p class=\"MsoNormal\">The information he has received from your website should be valuable to him and with it, he should have satisfied himself.<\/p>\n\n<h3 class=\"MsoNormal\">Revenue<\/h3>\n<p class=\"MsoNormal\">Les informations qu'il a re\u00e7ues de votre site Web devraient lui \u00eatre utiles et avec lui, il aurait d\u00fb se satisfaire.<\/p>\n\n<h3 class=\"MsoNormal\">Cinq \u00e9toiles<\/h3>\n<p class=\"MsoNormal\">Il ne fait aucun doute que le contenu de votre site Web doit \u00eatre classe et pour atteindre cet objectif, les r\u00e9dacteurs de contenu qui cr\u00e9ent les id\u00e9es dans le contenu \u00e9crit doivent eux-m\u00eames \u00eatre classe et ce serait la combinaison qui apporterait le succ\u00e8s sur le site.<\/p>\n&nbsp;\n\nLe marketing de contenu est une strat\u00e9gie puissante lorsqu'il est correctement int\u00e9gr\u00e9 dans votre campagne de r\u00e9f\u00e9rencement. En savoir plus sur le marketing de contenu dans l'article ci-dessous.\n\n\u00bb <a href=\"https:\/\/mcmarketing360.ca\/fr\/marketing-de-contenu-referencement-web\/\">Comment le marketing de contenu peut-il profiter \u00e0 votre entreprise?<\/a>\n\n<h3>Services recommand\u00e9s pour obtenir plus de prospects et plus de trafic vers votre site Web<\/h3>\n\n\u00bb <a href=\"https:\/\/mcmarketing360.ca\/fr\/services\/analyse-seo-recherche-de-mots-cle\/\"><span style=\"text-decoration: underline;\">Analyse approfondie et compl\u00e8te du r\u00e9f\u00e9rencement<\/span><\/a>\n\u00bb <a href=\"https:\/\/mcmarketing360.ca\/fr\/services\/optimization-sur-site\/\"><span style=\"text-decoration: underline;\">Meilleur r\u00e9f\u00e9rencement sur-site pour booster vos classements<\/span><\/a>\n\u00bb <a href=\"https:\/\/mcmarketing360.ca\/fr\/services\/optimization-hors-site\/\"><span style=\"text-decoration: underline;\">Optimisation hors-site et cr\u00e9ation de liens<\/span><\/a>\n\u00bb <a href=\"https:\/\/mcmarketing360.ca\/fr\/services\/referecement-google-maps\/\"><span style=\"text-decoration: underline;\">R\u00e9f\u00e9rencement Google mon entreprise<\/span><\/a>\n\n&nbsp;\n\n&nbsp;\n\n&nbsp;\n\n","_et_gb_content_width":"","footnotes":""},"class_list":["post-215","page","type-page","status-publish","has-post-thumbnail","hentry"],"jetpack_sharing_enabled":true,"_links":{"self":[{"href":"https:\/\/mcmarketing360.ca\/fr\/wp-json\/wp\/v2\/pages\/215","targetHints":{"allow":["GET"]}}],"collection":[{"href":"https:\/\/mcmarketing360.ca\/fr\/wp-json\/wp\/v2\/pages"}],"about":[{"href":"https:\/\/mcmarketing360.ca\/fr\/wp-json\/wp\/v2\/types\/page"}],"author":[{"embeddable":true,"href":"https:\/\/mcmarketing360.ca\/fr\/wp-json\/wp\/v2\/users\/6"}],"replies":[{"embeddable":true,"href":"https:\/\/mcmarketing360.ca\/fr\/wp-json\/wp\/v2\/comments?post=215"}],"version-history":[{"count":0,"href":"https:\/\/mcmarketing360.ca\/fr\/wp-json\/wp\/v2\/pages\/215\/revisions"}],"up":[{"embeddable":true,"href":"https:\/\/mcmarketing360.ca\/fr\/wp-json\/wp\/v2\/pages\/207"}],"wp:featuredmedia":[{"embeddable":true,"href":"https:\/\/mcmarketing360.ca\/fr\/wp-json\/"}],"wp:attachment":[{"href":"https:\/\/mcmarketing360.ca\/fr\/wp-json\/wp\/v2\/media?parent=215"}],"curies":[{"name":"wp","href":"https:\/\/api.w.org\/{rel}","templated":true}]}}