{"id":209,"date":"2018-05-30T16:34:54","date_gmt":"2018-05-30T16:34:54","guid":{"rendered":"https:\/\/seomontreal.co\/?page_id=209"},"modified":"2018-05-30T16:34:54","modified_gmt":"2018-05-30T16:34:54","slug":"optimization-hors-site","status":"publish","type":"page","link":"https:\/\/mcmarketing360.ca\/fr\/services\/optimization-hors-site\/","title":{"rendered":"Service d&rsquo;optimisation hors-site et de backlink"},"content":{"rendered":"<p>&nbsp;<\/p>\n<h2><img decoding=\"async\" class=\"alignleft size-full wp-image-122\" src=\"https:\/\/mcmarketing360.ca\/wp-content\/uploads\/2018\/03\/off-page-seo-service-in-montreal.png\" alt=\"Service d&#039;optimisation hors-site  a Montr\u00e9al\" width=\"600\" title=\"\">Service d&rsquo;optimisation hors-site \u00e0 Montr\u00e9al<\/h2>\n<p><a href=\"https:\/\/mcmarketing360.ca\/fr\/\">SEO Montreal 360<\/a> Goolge fournira des r\u00e9sultats durables avec des techniques de r\u00e9f\u00e9rencement correctes et non-spammeuses. Presque tous les propri\u00e9taires de sites Web dans le monde actuel sont pr\u00e9occup\u00e9s par l&rsquo;optimisation des moteurs de recherche. L&rsquo;optimisation hors-page est l&rsquo;un des aspects cl\u00e9s du r\u00e9f\u00e9rencement. SEO est tout sur l&rsquo;obtention de votre site Web sur les r\u00e9sultats des moteurs de recherche. Il est associ\u00e9 \u00e0 un large \u00e9ventail de b\u00e9n\u00e9fices et d&rsquo;avantages. Pour profiter de tous les avantages, il vous faudra aller de l&rsquo;avant et sortir des services de r\u00e9f\u00e9rencement hors-site de Montr\u00e9al.<\/p>\n<p>SEO est d\u00e9fini comme la cl\u00e9 pour obtenir plus de trafic vers votre site Web. Cet article vous permettra de conna\u00eetre quelques conseils SEO qui peuvent vous aider \u00e0 obtenir tous les avantages du r\u00e9f\u00e9rencement d&rsquo;une mani\u00e8re efficace.<\/p>\n<p>Le contenu \u00e9crit sur votre site Web joue un r\u00f4le important derri\u00e8re l&rsquo;optimisation des moteurs de recherche. Les gens recherchent les choses dont ils ont besoin sur les moteurs de recherche en utilisant des mots-cl\u00e9s. Si votre site Web contient ces mots-cl\u00e9s au format texte, vos chances d&rsquo;attirer des visiteurs iront haut. Par cons\u00e9quent, vous devez accorder une attention particuli\u00e8re aux mots-cl\u00e9s avant d&rsquo;\u00e9crire du contenu sur votre site Web. Tout d&rsquo;abord, vous devez cr\u00e9er une liste de mots-cl\u00e9s li\u00e9s \u00e0 votre site Web. <strong> Les experts SEO <\/strong> recommandent qu&rsquo;il est pr\u00e9f\u00e9rable d&rsquo;utiliser des mots cl\u00e9s populaires et peu comp\u00e9titifs pour obtenir des r\u00e9sultats efficaces. Vous pouvez s\u00e9lectionner ces mots cl\u00e9s en v\u00e9rifiant le volume de recherche mensuel de chaque mot cl\u00e9. Les mots-cl\u00e9s doivent \u00eatre inclus sous forme de texte parce que les moteurs de recherche ne sont pas en mesure de rechercher le texte dans des images ou des vid\u00e9os.<\/p>\n<p>&nbsp;<\/p>\n<h2>Service de cr\u00e9ation de Backlinks \u00e0 Montr\u00e9al<\/h2>\n<p>Les services de cr\u00e9ation de liens de SEO Montr\u00e9al 360 peuvent vous fournir une excellente aide avec vos besoins hors-page de SEO. Les services de cr\u00e9ation de liens de Montr\u00e9al s&rsquo;assureront que vous n&rsquo;obtenez aucun lien de spam, ce qui peut ternir votre r\u00e9putation. Au lieu de cela, les services de linkbuilding peuvent vous fournir des r\u00e9sultats \u00e9tonnants \u00e0 long terme.<\/p>\n<p>Votre site web doit contenir des informations uniques afin de bien l&rsquo;optimiser dans les moteurs de recherche. <strong> Ne copiez pas le contenu d&rsquo;autres sites Web <\/strong> et collez-les en toutes circonstances. Essayez toujours d&rsquo;utiliser votre propre langage pour cr\u00e9er un contenu unique. Il est pr\u00e9f\u00e9rable de rendre le contenu rafra\u00eechissant et int\u00e9ressant pour les visiteurs.<\/p>\n<p>Cr\u00e9er un r\u00e9seau de backlinks de qualit\u00e9 peut \u00eatre consid\u00e9r\u00e9 comme une excellente m\u00e9thode disponible pour r\u00e9ussir dans l&rsquo;optimisation des moteurs de recherche. Vous pouvez cr\u00e9er des backlinks \u00e0 partir d&rsquo;autres sites Web, des r\u00e9pertoires de soumission d&rsquo;articles, des forums et des r\u00e9seaux sociaux. Les <strong> Backlinks <\/strong> cr\u00e9\u00e9s \u00e0 partir de sites Web affichant un classement \u00e9lev\u00e9 sont tr\u00e8s efficaces et peuvent avoir un impact consid\u00e9rable sur votre site Web. Page rank est un syst\u00e8me de classement propos\u00e9 par Google qui d\u00e9finit l&rsquo;importance de votre site sur Internet. Si vous avez un backlink actif depuis un site web de relations publiques, vous aurez \u00e9galement l&rsquo;opportunit\u00e9 d&rsquo;augmenter le classement de votre site web. Vous pouvez m\u00eame cr\u00e9er un article unique et les publier sur des r\u00e9pertoires de soumission d&rsquo;article ou des forums avec un lien vers votre site Web.<\/p>\n<p>Beaucoup de m\u00e9thodes d&rsquo;escroquerie sont disponibles pour l&rsquo;optimisation des moteurs de recherche dans le monde actuel. Il existe des outils qui peuvent cr\u00e9er des milliers de backlinks en quelques heures. Il est conseill\u00e9 \u00e0 tous les propri\u00e9taires de sites Web de ne pas utiliser ces m\u00e9thodes et d&rsquo;utiliser les <strong> m\u00e9thodes du chapeau blanc <\/strong> \u00e0 des fins de r\u00e9f\u00e9rencement. Par exemple, <span style =\"text-decoration: underline;\"> Les mises \u00e0 jour de Google comme Panda et Penguin <\/span> suppriment tous les sites Web qui utilisent <em> black hat methods <\/em> pour l&rsquo;optimisation des moteurs de recherche. Vous devez d\u00e9penser une somme consid\u00e9rable pour les m\u00e9thodes de chapeau blanc de <strong> optimisation de moteur de recherche <\/strong>. Les r\u00e9sultats que vous obtenez sont durables et vous n&rsquo;aurez pas \u00e0 vous soucier de quoi que ce soit. Par cons\u00e9quent, il peut \u00eatre consid\u00e9r\u00e9 comme un excellent investissement pour l&rsquo;avenir de votre site Web. Si vous cherchez \u00e0 en tirer le meilleur parti, vous devrez obtenir notre aide au service de construction de backlink \u00e0 Montr\u00e9al.<\/p>\n<p>&nbsp;<\/p>\n<h3>Pour en savoir plus sur l&rsquo;optimisation hors page, lisez l&rsquo;article ci-dessous.<\/h3>\n<p>\u00bb <span style=\"text-decoration: underline;\"><a href=\"https:\/\/mcmarketing360.ca\/fr\/techniques-referencement-hors-site\/\">Les meilleures techniques d&rsquo;optimisation hors-page pour booster vos classements<\/a><\/span><\/p>\n<h3>Services recommand\u00e9s pour obtenir plus de prospects et plus de trafic vers votre site Web<\/h3>\n<p>\u00bb <a href=\"https:\/\/mcmarketing360.ca\/fr\/services\/analyse-seo-recherche-de-mots-cle\/\"><span style=\"text-decoration: underline;\">Analyse approfondie et compl\u00e8te du r\u00e9f\u00e9rencement<\/span><\/a><br \/>\n\u00bb <a href=\"https:\/\/mcmarketing360.ca\/fr\/services\/optimization-sur-site\/\"><span style=\"text-decoration: underline;\">Meilleur r\u00e9f\u00e9rencement sur-site pour booster vos classements<\/span><\/a><br \/>\n\u00bb <a href=\"https:\/\/mcmarketing360.ca\/fr\/services\/referecement-google-maps\/\"><span style=\"text-decoration: underline;\">R\u00e9f\u00e9rencement Google mon entreprise<\/span><\/a><\/p>\n<p>&nbsp;<\/p>\n<p>&nbsp;<\/p>\n<p>&nbsp;<\/p>\n","protected":false},"excerpt":{"rendered":"<p>&nbsp; Service d&rsquo;optimisation hors-site \u00e0 Montr\u00e9al SEO Montreal 360 Goolge fournira des r\u00e9sultats durables avec des techniques de r\u00e9f\u00e9rencement correctes et non-spammeuses. Presque tous les propri\u00e9taires de sites Web dans le monde actuel sont pr\u00e9occup\u00e9s par l&rsquo;optimisation des moteurs de recherche. L&rsquo;optimisation hors-page est l&rsquo;un des aspects cl\u00e9s du r\u00e9f\u00e9rencement. SEO est tout sur l&rsquo;obtention [&hellip;]<\/p>\n","protected":false},"author":6,"featured_media":122,"parent":207,"menu_order":0,"comment_status":"closed","ping_status":"closed","template":"","meta":{"_et_pb_use_builder":"","_et_pb_old_content":"","_et_gb_content_width":"","footnotes":""},"class_list":["post-209","page","type-page","status-publish","has-post-thumbnail","hentry"],"jetpack_sharing_enabled":true,"_links":{"self":[{"href":"https:\/\/mcmarketing360.ca\/fr\/wp-json\/wp\/v2\/pages\/209","targetHints":{"allow":["GET"]}}],"collection":[{"href":"https:\/\/mcmarketing360.ca\/fr\/wp-json\/wp\/v2\/pages"}],"about":[{"href":"https:\/\/mcmarketing360.ca\/fr\/wp-json\/wp\/v2\/types\/page"}],"author":[{"embeddable":true,"href":"https:\/\/mcmarketing360.ca\/fr\/wp-json\/wp\/v2\/users\/6"}],"replies":[{"embeddable":true,"href":"https:\/\/mcmarketing360.ca\/fr\/wp-json\/wp\/v2\/comments?post=209"}],"version-history":[{"count":0,"href":"https:\/\/mcmarketing360.ca\/fr\/wp-json\/wp\/v2\/pages\/209\/revisions"}],"up":[{"embeddable":true,"href":"https:\/\/mcmarketing360.ca\/fr\/wp-json\/wp\/v2\/pages\/207"}],"wp:featuredmedia":[{"embeddable":true,"href":"https:\/\/mcmarketing360.ca\/fr\/wp-json\/"}],"wp:attachment":[{"href":"https:\/\/mcmarketing360.ca\/fr\/wp-json\/wp\/v2\/media?parent=209"}],"curies":[{"name":"wp","href":"https:\/\/api.w.org\/{rel}","templated":true}]}}